{"id":25170,"date":"2020-04-07T13:59:00","date_gmt":"2020-04-07T13:59:00","guid":{"rendered":"http:\/\/aolei.pekingdesign.com.cn\/puestos\/"},"modified":"2020-04-07T13:59:00","modified_gmt":"2020-04-07T13:59:00","slug":"puestos","status":"publish","type":"page","link":"https:\/\/audiocenter.com\/es\/puestos\/","title":{"rendered":"Puestos"},"content":{"rendered":"\t\t<div data-elementor-type=\"wp-page\" data-elementor-id=\"25170\" class=\"elementor elementor-25170\" data-elementor-post-type=\"page\">\n\t\t\t\t\t\t<section class=\"elementor-section elementor-top-section elementor-element elementor-element-64f606a elementor-section-height-min-height elementor-section-items-stretch elementor-section-content-middle elementor-section-boxed elementor-section-height-default\" data-id=\"64f606a\" data-element_type=\"section\">\n\t\t\t\t\t\t\t<div class=\"elementor-background-overlay\"><\/div>\n\t\t\t\t\t\t\t<div class=\"elementor-container elementor-column-gap-wider\">\n\t\t\t\t\t<div class=\"elementor-column elementor-col-100 elementor-top-column elementor-element elementor-element-dd9b4aa\" data-id=\"dd9b4aa\" data-element_type=\"column\" data-settings=\"{&quot;background_background&quot;:&quot;classic&quot;}\">\n\t\t\t<div class=\"elementor-widget-wrap elementor-element-populated\">\n\t\t\t\t\t\t<div class=\"elementor-element elementor-element-2eb1092 img-align-mobile-top image-vertical-align-center image-vertical-align-tablet-start img-align-top icon-box-vertical-align-top preserve-img-ratio-cover slide-h-position-left elementor-widget elementor-widget-the7-elements-simple-posts\" data-id=\"2eb1092\" data-element_type=\"widget\" data-widget_type=\"the7-elements-simple-posts.default\">\n\t\t\t\t<div class=\"elementor-widget-container\">\n\t\t\t<div class=\"the7-simple-widget-posts the7-elementor-widget the7-elements-simple-posts-2eb1092\" data-post-limit=\"-1\" data-pagination-mode=\"standard\" data-scroll-offset=\"\">\t\t\t<div class=\"dt-css-grid custom-pagination-handler\" data-columns=\"{&quot;d&quot;:3,&quot;t&quot;:2,&quot;p&quot;:1,&quot;wd&quot;:&quot;&quot;}\">\n\t\t\t\t\t\t\t\t\t<div class=\"wf-cell visible \">\n\t\t\t\t\t\t<article class=\"post visible wrapper post-49154 type-post status-publish format-standard has-post-thumbnail hentry category-sin-categorizar category-242 description-off\">\n\n\t\t\t\t\t\t\t<div class=\"post-content-wrapper\">\n\t\t\t\t\t\t\t\t\t\t\t\t\t\t\t\t\t<div class=\"the7-simple-post-thumb\">\n\t\t\t\t\t\t\t\t\t\t<a class=\"post-thumbnail-rollover layzr-bg img-css-resize-wrapper\" aria-label=\"Post image\" href=\"https:\/\/audiocenter.com\/es\/finalizacion-con-exito-de-la-demostracion-de-la-serie-avanda-en-peru\/\"><img fetchpriority=\"high\" decoding=\"async\" width=\"1740\" height=\"1160\" src=\"data:image\/svg+xml,%3Csvg%20xmlns%3D&#039;http%3A%2F%2Fwww.w3.org%2F2000%2Fsvg&#039;%20viewBox%3D&#039;0%200%201740%201160&#039;%2F%3E\" class=\"attachment-full size-full preload-me aspect lazy lazy-load\" alt=\"\" sizes=\"(max-width: 1740px) 100vw, 1740px\" style=\"--ratio: 1740 \/ 1160;\" data-src=\"https:\/\/audiocenter.com\/wp-content\/uploads\/2026\/04\/\u5fae\u4fe1\u56fe\u7247_20260327010808_1651_151.jpg\" loading=\"eager\" data-srcset=\"https:\/\/audiocenter.com\/wp-content\/uploads\/2026\/04\/\u5fae\u4fe1\u56fe\u7247_20260327010808_1651_151.jpg 1740w, https:\/\/audiocenter.com\/wp-content\/uploads\/2026\/04\/\u5fae\u4fe1\u56fe\u7247_20260327010808_1651_151-300x200.jpg 300w, https:\/\/audiocenter.com\/wp-content\/uploads\/2026\/04\/\u5fae\u4fe1\u56fe\u7247_20260327010808_1651_151-1024x683.jpg 1024w, https:\/\/audiocenter.com\/wp-content\/uploads\/2026\/04\/\u5fae\u4fe1\u56fe\u7247_20260327010808_1651_151-768x512.jpg 768w, https:\/\/audiocenter.com\/wp-content\/uploads\/2026\/04\/\u5fae\u4fe1\u56fe\u7247_20260327010808_1651_151-1536x1024.jpg 1536w, https:\/\/audiocenter.com\/wp-content\/uploads\/2026\/04\/\u5fae\u4fe1\u56fe\u7247_20260327010808_1651_151-1000x667.jpg 1000w\" \/><span class=\"the7-hover-icon\"><\/span><\/a>\t\t\t\t\t\t\t\t\t<\/div>\n\t\t\t\t\t\t\t\t\t\t\t\t\t\t\t\t<div class=\"post-entry-content\">\n\t\t\t\t\t\t\t\t\t<h5 class=\"heading\"><a href=\"https:\/\/audiocenter.com\/es\/finalizacion-con-exito-de-la-demostracion-de-la-serie-avanda-en-peru\/\" rel=\"bookmark\" title=\"Finalizaci\u00f3n con \u00e9xito de la demostraci\u00f3n de la serie Avanda en Per\u00fa\" class=\"post-title\">Finalizaci\u00f3n con \u00e9xito de la demostraci\u00f3n de la serie Avanda en Per\u00fa<\/a><\/h5><div class=\"entry-meta\"><span class=\"meta-item category-link\"><a href=\"https:\/\/audiocenter.com\/es\/category\/sin-categorizar\/\" rel=\"tag\">Sin categorizar<\/a><\/span><span class=\"meta-item data-link\"><time class=\"entry-date updated\" datetime=\"2026-04-01T17:12:18+08:00\">2026-04-01<\/time><\/span><\/div><p class=\"short-description\">Nos enorgullece anunciar la exitosa conclusi\u00f3n de la Demostraci\u00f3n en Directo de la Serie Avanda en El Huaralino Internacional, Per\u00fa. Extendemos nuestro sincero agradecimiento a todos los profesionales y socios cuya asistencia hizo de este evento un \u00e9xito rotundo para la industria del audio en Per\u00fa. Un agradecimiento especial a Jorge Auriel N\u00fa\u00f1ez, Ingeniero de&hellip;<\/p><a href=\"https:\/\/audiocenter.com\/es\/finalizacion-con-exito-de-la-demostracion-de-la-serie-avanda-en-peru\/\" target=\"\" aria-label=\"Read more about Finalizaci\u00f3n con \u00e9xito de la demostraci\u00f3n de la serie Avanda en Per\u00fa\" class=\"box-button elementor-button elementor-size-sm\">Read article<\/a>\t\t\t\t\t\t\t\t<\/div>\n\t\t\t\t\t\t\t<\/div>\n\t\t\t\t\t\t<\/article>\n\t\t\t\t\t<\/div>\t\t\t\t\t\t\t\t\t\t<div class=\"wf-cell visible \">\n\t\t\t\t\t\t<article class=\"post visible wrapper post-49147 type-post status-publish format-standard has-post-thumbnail hentry category-sin-categorizar category-242 description-off\">\n\n\t\t\t\t\t\t\t<div class=\"post-content-wrapper\">\n\t\t\t\t\t\t\t\t\t\t\t\t\t\t\t\t\t<div class=\"the7-simple-post-thumb\">\n\t\t\t\t\t\t\t\t\t\t<a class=\"post-thumbnail-rollover layzr-bg img-css-resize-wrapper\" aria-label=\"Post image\" href=\"https:\/\/audiocenter.com\/es\/mostrando-la-ultima-experiencia-audiocenter-en-quito-ecuador\/\"><img decoding=\"async\" width=\"1740\" height=\"1160\" src=\"data:image\/svg+xml,%3Csvg%20xmlns%3D&#039;http%3A%2F%2Fwww.w3.org%2F2000%2Fsvg&#039;%20viewBox%3D&#039;0%200%201740%201160&#039;%2F%3E\" class=\"attachment-full size-full preload-me aspect lazy lazy-load\" alt=\"\" sizes=\"(max-width: 1740px) 100vw, 1740px\" style=\"--ratio: 1740 \/ 1160;\" data-src=\"https:\/\/audiocenter.com\/wp-content\/uploads\/2026\/04\/\u5fae\u4fe1\u56fe\u7247_20260322225052_1593_151.jpg\" loading=\"eager\" data-srcset=\"https:\/\/audiocenter.com\/wp-content\/uploads\/2026\/04\/\u5fae\u4fe1\u56fe\u7247_20260322225052_1593_151.jpg 1740w, https:\/\/audiocenter.com\/wp-content\/uploads\/2026\/04\/\u5fae\u4fe1\u56fe\u7247_20260322225052_1593_151-300x200.jpg 300w, https:\/\/audiocenter.com\/wp-content\/uploads\/2026\/04\/\u5fae\u4fe1\u56fe\u7247_20260322225052_1593_151-1024x683.jpg 1024w, https:\/\/audiocenter.com\/wp-content\/uploads\/2026\/04\/\u5fae\u4fe1\u56fe\u7247_20260322225052_1593_151-768x512.jpg 768w, https:\/\/audiocenter.com\/wp-content\/uploads\/2026\/04\/\u5fae\u4fe1\u56fe\u7247_20260322225052_1593_151-1536x1024.jpg 1536w, https:\/\/audiocenter.com\/wp-content\/uploads\/2026\/04\/\u5fae\u4fe1\u56fe\u7247_20260322225052_1593_151-1000x667.jpg 1000w\" \/><span class=\"the7-hover-icon\"><\/span><\/a>\t\t\t\t\t\t\t\t\t<\/div>\n\t\t\t\t\t\t\t\t\t\t\t\t\t\t\t\t<div class=\"post-entry-content\">\n\t\t\t\t\t\t\t\t\t<h5 class=\"heading\"><a href=\"https:\/\/audiocenter.com\/es\/mostrando-la-ultima-experiencia-audiocenter-en-quito-ecuador\/\" rel=\"bookmark\" title=\"\u00a1Mostrando la \u00faltima Experiencia Audiocenter en Quito, Ecuador!\" class=\"post-title\">\u00a1Mostrando la \u00faltima Experiencia Audiocenter en Quito, Ecuador!<\/a><\/h5><div class=\"entry-meta\"><span class=\"meta-item category-link\"><a href=\"https:\/\/audiocenter.com\/es\/category\/sin-categorizar\/\" rel=\"tag\">Sin categorizar<\/a><\/span><span class=\"meta-item data-link\"><time class=\"entry-date updated\" datetime=\"2026-03-23T17:15:29+08:00\">2026-03-23<\/time><\/span><\/div><p class=\"short-description\">Queremos dar las gracias a EckoMusic por acoger la Experiencia Audiocenter en Quito, Ecuador, el pasado martes 17 de marzo. Celebrado en el Centro de Exposiciones Quito (Av. Amazonas y Atahualpa) a partir de las 15:00, el evento sirvi\u00f3 como escaparate principal de sistemas de audio profesionales y tecnolog\u00eda de alto nivel, proporcionando una visi\u00f3n&hellip;<\/p><a href=\"https:\/\/audiocenter.com\/es\/mostrando-la-ultima-experiencia-audiocenter-en-quito-ecuador\/\" target=\"\" aria-label=\"Read more about \u00a1Mostrando la \u00faltima Experiencia Audiocenter en Quito, Ecuador!\" class=\"box-button elementor-button elementor-size-sm\">Read article<\/a>\t\t\t\t\t\t\t\t<\/div>\n\t\t\t\t\t\t\t<\/div>\n\t\t\t\t\t\t<\/article>\n\t\t\t\t\t<\/div>\t\t\t\t\t\t\t\t\t\t<div class=\"wf-cell visible \">\n\t\t\t\t\t\t<article class=\"post visible wrapper no-img post-48756 type-post status-publish format-standard hentry category-sin-categorizar category-242 description-off\">\n\n\t\t\t\t\t\t\t<div class=\"post-content-wrapper\">\n\t\t\t\t\t\t\t\t\t\t\t\t\t\t\t\t<div class=\"post-entry-content\">\n\t\t\t\t\t\t\t\t\t<h5 class=\"heading\"><a href=\"https:\/\/audiocenter.com\/es\/integracion-tecnica-de-la-avanda-210a-de-audiocenter-en-el-estadio-principe-felipe-de-espana\/\" rel=\"bookmark\" title=\"Integraci\u00f3n t\u00e9cnica de la AVANDA 210A de Audiocenter en el estadio Pr\u00edncipe Felipe de Espa\u00f1a\" class=\"post-title\">Integraci\u00f3n t\u00e9cnica de la AVANDA 210A de Audiocenter en el estadio Pr\u00edncipe Felipe de Espa\u00f1a<\/a><\/h5><div class=\"entry-meta\"><span class=\"meta-item category-link\"><a href=\"https:\/\/audiocenter.com\/es\/category\/sin-categorizar\/\" rel=\"tag\">Sin categorizar<\/a><\/span><span class=\"meta-item data-link\"><time class=\"entry-date updated\" datetime=\"2026-03-04T09:07:05+08:00\">2026-03-04<\/time><\/span><\/div><p class=\"short-description\">El Pabell\u00f3n Pr\u00edncipe Felipe de Zaragoza, Espa\u00f1a, un recinto de primera con capacidad para 11.000 espectadores, ha actualizado oficialmente su infraestructura ac\u00fastica. En una colaboraci\u00f3n estrat\u00e9gica entre Audiocenter y ProElectrosonic, un despliegue masivo de 70 unidades line array activas AVANDA 210A alimenta ahora este emblem\u00e1tico pabell\u00f3n. Desde el ambiente de alta intensidad de la ACB&hellip;<\/p><a href=\"https:\/\/audiocenter.com\/es\/integracion-tecnica-de-la-avanda-210a-de-audiocenter-en-el-estadio-principe-felipe-de-espana\/\" target=\"\" aria-label=\"Read more about Integraci\u00f3n t\u00e9cnica de la AVANDA 210A de Audiocenter en el estadio Pr\u00edncipe Felipe de Espa\u00f1a\" class=\"box-button elementor-button elementor-size-sm\">Read article<\/a>\t\t\t\t\t\t\t\t<\/div>\n\t\t\t\t\t\t\t<\/div>\n\t\t\t\t\t\t<\/article>\n\t\t\t\t\t<\/div>\t\t\t\t\t\t\t\t\t\t<div class=\"wf-cell visible \">\n\t\t\t\t\t\t<article class=\"post visible wrapper no-img post-48758 type-post status-publish format-standard hentry category-sin-categorizar category-242 description-off\">\n\n\t\t\t\t\t\t\t<div class=\"post-content-wrapper\">\n\t\t\t\t\t\t\t\t\t\t\t\t\t\t\t\t<div class=\"post-entry-content\">\n\t\t\t\t\t\t\t\t\t<h5 class=\"heading\"><a href=\"https:\/\/audiocenter.com\/es\/gracias-por-un-ise-2026-increible\/\" rel=\"bookmark\" title=\"\u00a1Gracias por un ISE 2026 incre\u00edble!\" class=\"post-title\">\u00a1Gracias por un ISE 2026 incre\u00edble!<\/a><\/h5><div class=\"entry-meta\"><span class=\"meta-item category-link\"><a href=\"https:\/\/audiocenter.com\/es\/category\/sin-categorizar\/\" rel=\"tag\">Sin categorizar<\/a><\/span><span class=\"meta-item data-link\"><time class=\"entry-date updated\" datetime=\"2026-02-10T14:51:11+08:00\">2026-02-10<\/time><\/span><\/div><p class=\"short-description\">Tras varios d\u00edas inspiradores en Integrated Systems Europe 2026, nos gustar\u00eda dar las gracias sinceramente a todos los que visitaron Audiocenter en los stands 7H100 y 7H200. Ha sido un placer conectar con tantos profesionales del sector, socios y amigos, y compartir con vosotros nuestras \u00faltimas innovaciones en audio profesional. Vuestro inter\u00e9s, comentarios y apoyo&hellip;<\/p><a href=\"https:\/\/audiocenter.com\/es\/gracias-por-un-ise-2026-increible\/\" target=\"\" aria-label=\"Read more about \u00a1Gracias por un ISE 2026 incre\u00edble!\" class=\"box-button elementor-button elementor-size-sm\">Read article<\/a>\t\t\t\t\t\t\t\t<\/div>\n\t\t\t\t\t\t\t<\/div>\n\t\t\t\t\t\t<\/article>\n\t\t\t\t\t<\/div>\t\t\t\t\t\t\t\t\t\t<div class=\"wf-cell visible \">\n\t\t\t\t\t\t<article class=\"post visible wrapper post-47973 type-post status-publish format-standard has-post-thumbnail hentry category-sin-categorizar category-242 description-off\">\n\n\t\t\t\t\t\t\t<div class=\"post-content-wrapper\">\n\t\t\t\t\t\t\t\t\t\t\t\t\t\t\t\t\t<div class=\"the7-simple-post-thumb\">\n\t\t\t\t\t\t\t\t\t\t<a class=\"post-thumbnail-rollover layzr-bg img-css-resize-wrapper\" aria-label=\"Post image\" href=\"https:\/\/audiocenter.com\/es\/hemos-empezado-oficialmente-en-ise_show-2026\/\"><img decoding=\"async\" width=\"1740\" height=\"1160\" src=\"data:image\/svg+xml,%3Csvg%20xmlns%3D&#039;http%3A%2F%2Fwww.w3.org%2F2000%2Fsvg&#039;%20viewBox%3D&#039;0%200%201740%201160&#039;%2F%3E\" class=\"attachment-full size-full preload-me aspect lazy lazy-load\" alt=\"\" sizes=\"(max-width: 1740px) 100vw, 1740px\" style=\"--ratio: 1740 \/ 1160;\" data-src=\"https:\/\/audiocenter.com\/wp-content\/uploads\/2026\/02\/Copia-de-Audiocenter-demo-jaen-1.jpg\" loading=\"eager\" data-srcset=\"https:\/\/audiocenter.com\/wp-content\/uploads\/2026\/02\/Copia-de-Audiocenter-demo-jaen-1.jpg 1740w, https:\/\/audiocenter.com\/wp-content\/uploads\/2026\/02\/Copia-de-Audiocenter-demo-jaen-1-300x200.jpg 300w, https:\/\/audiocenter.com\/wp-content\/uploads\/2026\/02\/Copia-de-Audiocenter-demo-jaen-1-1024x683.jpg 1024w, https:\/\/audiocenter.com\/wp-content\/uploads\/2026\/02\/Copia-de-Audiocenter-demo-jaen-1-768x512.jpg 768w, https:\/\/audiocenter.com\/wp-content\/uploads\/2026\/02\/Copia-de-Audiocenter-demo-jaen-1-1536x1024.jpg 1536w, https:\/\/audiocenter.com\/wp-content\/uploads\/2026\/02\/Copia-de-Audiocenter-demo-jaen-1-1000x667.jpg 1000w\" \/><span class=\"the7-hover-icon\"><\/span><\/a>\t\t\t\t\t\t\t\t\t<\/div>\n\t\t\t\t\t\t\t\t\t\t\t\t\t\t\t\t<div class=\"post-entry-content\">\n\t\t\t\t\t\t\t\t\t<h5 class=\"heading\"><a href=\"https:\/\/audiocenter.com\/es\/hemos-empezado-oficialmente-en-ise_show-2026\/\" rel=\"bookmark\" title=\"\u00a1Hemos empezado oficialmente en ise_show 2026!\" class=\"post-title\">\u00a1Hemos empezado oficialmente en ise_show 2026!<\/a><\/h5><div class=\"entry-meta\"><span class=\"meta-item category-link\"><a href=\"https:\/\/audiocenter.com\/es\/category\/sin-categorizar\/\" rel=\"tag\">Sin categorizar<\/a><\/span><span class=\"meta-item data-link\"><time class=\"entry-date updated\" datetime=\"2026-02-05T15:31:44+08:00\">2026-02-05<\/time><\/span><\/div><p class=\"short-description\">Audiocenter ya est\u00e1 presente en Integrated Systems Europe 2026, que se celebra del 3 al 6 de febrero en Fira de Barcelona &#8211; Gran Via. Ya estamos dando la bienvenida a los visitantes en los stands 7H100 y 7H200, donde presentamos nuestras \u00faltimas innovaciones en audio profesional y nos relacionamos con los profesionales del sector.&hellip;<\/p><a href=\"https:\/\/audiocenter.com\/es\/hemos-empezado-oficialmente-en-ise_show-2026\/\" target=\"\" aria-label=\"Read more about \u00a1Hemos empezado oficialmente en ise_show 2026!\" class=\"box-button elementor-button elementor-size-sm\">Read article<\/a>\t\t\t\t\t\t\t\t<\/div>\n\t\t\t\t\t\t\t<\/div>\n\t\t\t\t\t\t<\/article>\n\t\t\t\t\t<\/div>\t\t\t\t\t\t\t\t\t\t<div class=\"wf-cell visible \">\n\t\t\t\t\t\t<article class=\"post visible wrapper post-42669 type-post status-publish format-standard has-post-thumbnail hentry category-sin-categorizar category-242 description-off\">\n\n\t\t\t\t\t\t\t<div class=\"post-content-wrapper\">\n\t\t\t\t\t\t\t\t\t\t\t\t\t\t\t\t\t<div class=\"the7-simple-post-thumb\">\n\t\t\t\t\t\t\t\t\t\t<a class=\"post-thumbnail-rollover layzr-bg img-css-resize-wrapper\" aria-label=\"Post image\" href=\"https:\/\/audiocenter.com\/es\/anuncio-de-la-actualizacion-del-dominio-de-la-web-oficial-de-audiocenter\/\"><img decoding=\"async\" width=\"1080\" height=\"1080\" src=\"data:image\/svg+xml,%3Csvg%20xmlns%3D&#039;http%3A%2F%2Fwww.w3.org%2F2000%2Fsvg&#039;%20viewBox%3D&#039;0%200%201080%201080&#039;%2F%3E\" class=\"attachment-full size-full preload-me aspect lazy lazy-load\" alt=\"\" sizes=\"(max-width: 1080px) 100vw, 1080px\" style=\"--ratio: 1080 \/ 1080;\" data-src=\"https:\/\/audiocenter.com\/wp-content\/uploads\/2024\/12\/\u5fae\u4fe1\u56fe\u7247_20241226092541.png\" loading=\"eager\" data-srcset=\"https:\/\/audiocenter.com\/wp-content\/uploads\/2024\/12\/\u5fae\u4fe1\u56fe\u7247_20241226092541.png 1080w, https:\/\/audiocenter.com\/wp-content\/uploads\/2024\/12\/\u5fae\u4fe1\u56fe\u7247_20241226092541-300x300.png 300w, https:\/\/audiocenter.com\/wp-content\/uploads\/2024\/12\/\u5fae\u4fe1\u56fe\u7247_20241226092541-1024x1024.png 1024w, https:\/\/audiocenter.com\/wp-content\/uploads\/2024\/12\/\u5fae\u4fe1\u56fe\u7247_20241226092541-150x150.png 150w, https:\/\/audiocenter.com\/wp-content\/uploads\/2024\/12\/\u5fae\u4fe1\u56fe\u7247_20241226092541-768x768.png 768w, https:\/\/audiocenter.com\/wp-content\/uploads\/2024\/12\/\u5fae\u4fe1\u56fe\u7247_20241226092541-1000x1000.png 1000w, https:\/\/audiocenter.com\/wp-content\/uploads\/2024\/12\/\u5fae\u4fe1\u56fe\u7247_20241226092541-200x200.png 200w\" \/><span class=\"the7-hover-icon\"><\/span><\/a>\t\t\t\t\t\t\t\t\t<\/div>\n\t\t\t\t\t\t\t\t\t\t\t\t\t\t\t\t<div class=\"post-entry-content\">\n\t\t\t\t\t\t\t\t\t<h5 class=\"heading\"><a href=\"https:\/\/audiocenter.com\/es\/anuncio-de-la-actualizacion-del-dominio-de-la-web-oficial-de-audiocenter\/\" rel=\"bookmark\" title=\"Anuncio de la actualizaci\u00f3n del dominio de la web oficial de AUDIOCENTER\" class=\"post-title\">Anuncio de la actualizaci\u00f3n del dominio de la web oficial de AUDIOCENTER<\/a><\/h5><div class=\"entry-meta\"><span class=\"meta-item category-link\"><a href=\"https:\/\/audiocenter.com\/es\/category\/sin-categorizar\/\" rel=\"tag\">Sin categorizar<\/a><\/span><span class=\"meta-item data-link\"><time class=\"entry-date updated\" datetime=\"2024-12-26T09:57:19+08:00\">2024-12-26<\/time><\/span><\/div><p class=\"short-description\">Estimados clientes y socios, Nos complace anunciar que, con efecto inmediato, el sitio web oficial del AUDIOCENTRO se ha lanzado oficialmente con el dominio de nivel superior https:\/\/audiocenter.com\/. Te recomendamos que actualices la URL en tus marcadores y utilices el nuevo dominio del sitio web oficial para futuras visitas. La actualizaci\u00f3n del dominio del sitio&hellip;<\/p><a href=\"https:\/\/audiocenter.com\/es\/anuncio-de-la-actualizacion-del-dominio-de-la-web-oficial-de-audiocenter\/\" target=\"\" aria-label=\"Read more about Anuncio de la actualizaci\u00f3n del dominio de la web oficial de AUDIOCENTER\" class=\"box-button elementor-button elementor-size-sm\">Read article<\/a>\t\t\t\t\t\t\t\t<\/div>\n\t\t\t\t\t\t\t<\/div>\n\t\t\t\t\t\t<\/article>\n\t\t\t\t\t<\/div>\t\t\t\t\t\t\t\t<\/div>\n\t\t<div class=\"paginator filter-decorations filter-pointer-overline filter-animation-fade\" role=\"navigation\"><a href=\"https:\/\/audiocenter.com\/es\/wp-json\/wp\/v2\/pages\/25170\/\" class=\"page-numbers filter-item act\" data-page-num=\"1\">1<\/a><a href=\"https:\/\/audiocenter.com\/es\/wp-json\/wp\/v2\/pages\/25170\/page\/2\/\" class=\"page-numbers filter-item \" data-page-num=\"2\">2<\/a><a href=\"https:\/\/audiocenter.com\/es\/wp-json\/wp\/v2\/pages\/25170\/page\/3\/\" class=\"page-numbers filter-item \" data-page-num=\"3\">3<\/a><a href=\"https:\/\/audiocenter.com\/es\/wp-json\/wp\/v2\/pages\/25170\/page\/4\/\" class=\"page-numbers filter-item \" data-page-num=\"4\">4<\/a><a href=\"https:\/\/audiocenter.com\/es\/wp-json\/wp\/v2\/pages\/25170\/page\/5\/\" class=\"page-numbers filter-item \" data-page-num=\"5\">5<\/a><a href=\"javascript:void(0);\" class=\"dots\">&#8230;<\/a><div style=\"display: none;\"><a href=\"https:\/\/audiocenter.com\/es\/wp-json\/wp\/v2\/pages\/25170\/page\/6\/\" class=\"page-numbers filter-item \" data-page-num=\"6\">6<\/a><\/div><a href=\"https:\/\/audiocenter.com\/es\/wp-json\/wp\/v2\/pages\/25170\/page\/7\/\" class=\"page-numbers filter-item \" data-page-num=\"7\">7<\/a><a href=\"https:\/\/audiocenter.com\/es\/wp-json\/wp\/v2\/pages\/25170\/page\/2\/\" class=\"page-numbers nav-next filter-item\" data-page-num=\"2\">\u2192<\/a><\/div><\/div>\t\t<\/div>\n\t\t\t\t<\/div>\n\t\t\t\t\t<\/div>\n\t\t<\/div>\n\t\t\t\t\t<\/div>\n\t\t<\/section>\n\t\t\t\t<\/div>\n\t\t","protected":false},"excerpt":{"rendered":"<p>Estimados clientes y socios, Nos complace anunciar que, con efecto inmediato, el sitio web oficial del AUDIOCENTRO se ha lanzado oficialmente con el dominio de nivel superior https:\/\/audiocenter.com\/. Te recomendamos que actualices la URL en tus marcadores y utilices el nuevo dominio del sitio web oficial para futuras visitas. La actualizaci\u00f3n del dominio del sitio&hellip;<\/p>\n","protected":false},"author":1,"featured_media":0,"parent":0,"menu_order":10,"comment_status":"closed","ping_status":"closed","template":"","meta":{"footnotes":""},"class_list":["post-25170","page","type-page","status-publish","hentry","category-242","description-off"],"_links":{"self":[{"href":"https:\/\/audiocenter.com\/es\/wp-json\/wp\/v2\/pages\/25170","targetHints":{"allow":["GET"]}}],"collection":[{"href":"https:\/\/audiocenter.com\/es\/wp-json\/wp\/v2\/pages"}],"about":[{"href":"https:\/\/audiocenter.com\/es\/wp-json\/wp\/v2\/types\/page"}],"author":[{"embeddable":true,"href":"https:\/\/audiocenter.com\/es\/wp-json\/wp\/v2\/users\/1"}],"replies":[{"embeddable":true,"href":"https:\/\/audiocenter.com\/es\/wp-json\/wp\/v2\/comments?post=25170"}],"version-history":[{"count":0,"href":"https:\/\/audiocenter.com\/es\/wp-json\/wp\/v2\/pages\/25170\/revisions"}],"wp:attachment":[{"href":"https:\/\/audiocenter.com\/es\/wp-json\/wp\/v2\/media?parent=25170"}],"curies":[{"name":"wp","href":"https:\/\/api.w.org\/{rel}","templated":true}]}}