{"id":26989,"date":"2023-06-21T01:50:03","date_gmt":"2023-06-20T17:50:03","guid":{"rendered":"http:\/\/audiocenter.cc\/promocion-de-la-marca\/"},"modified":"2024-05-11T11:12:28","modified_gmt":"2024-05-11T03:12:28","slug":"promocion-de-la-marca","status":"publish","type":"page","link":"https:\/\/audiocenter.com\/es\/promocion-de-la-marca\/","title":{"rendered":"Promoci\u00f3n de la marca"},"content":{"rendered":"\t\t<div data-elementor-type=\"wp-page\" data-elementor-id=\"26989\" class=\"elementor elementor-26989 elementor-13607\" data-elementor-post-type=\"page\">\n\t\t\t\t\t\t<section class=\"elementor-section elementor-top-section elementor-element elementor-element-c40733a elementor-section-boxed elementor-section-height-default elementor-section-height-default\" data-id=\"c40733a\" data-element_type=\"section\">\n\t\t\t\t\t\t<div class=\"elementor-container elementor-column-gap-default\">\n\t\t\t\t\t<div class=\"elementor-column elementor-col-100 elementor-top-column elementor-element elementor-element-3811dd4\" data-id=\"3811dd4\" data-element_type=\"column\">\n\t\t\t<div class=\"elementor-widget-wrap elementor-element-populated\">\n\t\t\t\t\t\t<div class=\"elementor-element elementor-element-487b6d6 elementor-widget elementor-widget-spacer\" data-id=\"487b6d6\" data-element_type=\"widget\" data-widget_type=\"spacer.default\">\n\t\t\t\t<div class=\"elementor-widget-container\">\n\t\t\t\t\t<div class=\"elementor-spacer\">\n\t\t\t<div class=\"elementor-spacer-inner\"><\/div>\n\t\t<\/div>\n\t\t\t\t<\/div>\n\t\t\t\t<\/div>\n\t\t\t\t<section class=\"elementor-section elementor-inner-section elementor-element elementor-element-94a4f7c elementor-section-boxed elementor-section-height-default elementor-section-height-default\" data-id=\"94a4f7c\" data-element_type=\"section\">\n\t\t\t\t\t\t<div class=\"elementor-container elementor-column-gap-default\">\n\t\t\t\t\t<div class=\"elementor-column elementor-col-50 elementor-inner-column elementor-element elementor-element-80a512b\" data-id=\"80a512b\" data-element_type=\"column\">\n\t\t\t<div class=\"elementor-widget-wrap elementor-element-populated\">\n\t\t\t\t\t\t<div class=\"elementor-element elementor-element-6ce740f elementor-widget elementor-widget-heading\" data-id=\"6ce740f\" data-element_type=\"widget\" data-widget_type=\"heading.default\">\n\t\t\t\t<div class=\"elementor-widget-container\">\n\t\t\t<h2 class=\"elementor-heading-title elementor-size-default\">Promoci\u00f3n mundial de marcas<\/h2>\t\t<\/div>\n\t\t\t\t<\/div>\n\t\t\t\t<div class=\"elementor-element elementor-element-4135995 elementor-widget elementor-widget-spacer\" data-id=\"4135995\" data-element_type=\"widget\" data-widget_type=\"spacer.default\">\n\t\t\t\t<div class=\"elementor-widget-container\">\n\t\t\t\t\t<div class=\"elementor-spacer\">\n\t\t\t<div class=\"elementor-spacer-inner\"><\/div>\n\t\t<\/div>\n\t\t\t\t<\/div>\n\t\t\t\t<\/div>\n\t\t\t\t<div class=\"elementor-element elementor-element-45bf516 elementor-widget elementor-widget-heading\" data-id=\"45bf516\" data-element_type=\"widget\" data-widget_type=\"heading.default\">\n\t\t\t\t<div class=\"elementor-widget-container\">\n\t\t\t<h2 class=\"elementor-heading-title elementor-size-medium\">AUDIOCENTER toma los productos como el n\u00facleo, y toma el apoyo t\u00e9cnico y como puntos de apoyo para la promoci\u00f3n global de la marca. \n <\/h2>\t\t<\/div>\n\t\t\t\t<\/div>\n\t\t\t\t<div class=\"elementor-element elementor-element-88faa49 elementor-widget elementor-widget-spacer\" data-id=\"88faa49\" data-element_type=\"widget\" data-widget_type=\"spacer.default\">\n\t\t\t\t<div class=\"elementor-widget-container\">\n\t\t\t\t\t<div class=\"elementor-spacer\">\n\t\t\t<div class=\"elementor-spacer-inner\"><\/div>\n\t\t<\/div>\n\t\t\t\t<\/div>\n\t\t\t\t<\/div>\n\t\t\t\t<div class=\"elementor-element elementor-element-9d39b79 elementor-widget elementor-widget-text-editor\" data-id=\"9d39b79\" data-element_type=\"widget\" data-widget_type=\"text-editor.default\">\n\t\t\t\t<div class=\"elementor-widget-container\">\n\t\t\t\t\t\t\t<ul>\n<li>AUDIOCENTER ha dividido el mercado mundial en 5 regiones para la promoci\u00f3n global de la marca. En Europa, AUDIOCENTER ha creado una sucursal con TRIUS que se dedica principalmente a I+D y a asistencia t\u00e9cnica de alto nivel. En Am\u00e9rica, India y Sud\u00e1frica. AUDIOCENTER han construido oficinas regionales en China , AUDIOCENTER establece la base de fabricaci\u00f3n en Guangzhou . centro de dise\u00f1o global en Beijing y el centro de experiencia internacional en Shanghai.    <\/li>\n<li>AUDIOCENTER ha creado un equipo internacional de ventas y marketing y un equipo de asistencia t\u00e9cnica, y ha nombrado a algunos profesionales locales con experiencia para facilitar la comunicaci\u00f3n con los clientes y ofrecer mejores servicios.<\/li>\n<li>AUDIOCENTER ha establecido distribuidores en todo el mundo, y ha hecho muchos mercados diferentes.<\/li>\n<li>AUDIOCENTER participa en exposiciones, seminarios y roadshows por todo el mundo.<\/li>\n<\/ul>\n\t\t\t\t\t\t<\/div>\n\t\t\t\t<\/div>\n\t\t\t\t\t<\/div>\n\t\t<\/div>\n\t\t\t\t<div class=\"elementor-column elementor-col-50 elementor-inner-column elementor-element elementor-element-b941b66\" data-id=\"b941b66\" data-element_type=\"column\">\n\t\t\t<div class=\"elementor-widget-wrap elementor-element-populated\">\n\t\t\t\t\t\t<div class=\"elementor-element elementor-element-6a92dc9 elementor-widget elementor-widget-image\" data-id=\"6a92dc9\" data-element_type=\"widget\" data-widget_type=\"image.default\">\n\t\t\t\t<div class=\"elementor-widget-container\">\n\t\t\t\t\t\t\t\t\t\t\t\t\t<img fetchpriority=\"high\" decoding=\"async\" width=\"623\" height=\"400\" src=\"https:\/\/audiocenter.com\/wp-content\/uploads\/2023\/08\/R-C.png\" class=\"attachment-large size-large wp-image-20350\" alt=\"\" srcset=\"https:\/\/audiocenter.com\/wp-content\/uploads\/2023\/08\/R-C.png 623w, https:\/\/audiocenter.com\/wp-content\/uploads\/2023\/08\/R-C-300x193.png 300w\" sizes=\"(max-width: 623px) 100vw, 623px\" \/>\t\t\t\t\t\t\t\t\t\t\t\t\t<\/div>\n\t\t\t\t<\/div>\n\t\t\t\t\t<\/div>\n\t\t<\/div>\n\t\t\t\t\t<\/div>\n\t\t<\/section>\n\t\t\t\t<div class=\"elementor-element elementor-element-7ec5eb5 elementor-widget elementor-widget-spacer\" data-id=\"7ec5eb5\" data-element_type=\"widget\" data-widget_type=\"spacer.default\">\n\t\t\t\t<div class=\"elementor-widget-container\">\n\t\t\t\t\t<div class=\"elementor-spacer\">\n\t\t\t<div class=\"elementor-spacer-inner\"><\/div>\n\t\t<\/div>\n\t\t\t\t<\/div>\n\t\t\t\t<\/div>\n\t\t\t\t\t<\/div>\n\t\t<\/div>\n\t\t\t\t\t<\/div>\n\t\t<\/section>\n\t\t\t\t<section class=\"elementor-section elementor-top-section elementor-element elementor-element-b91b1cb elementor-section-boxed elementor-section-height-default elementor-section-height-default\" data-id=\"b91b1cb\" data-element_type=\"section\">\n\t\t\t\t\t\t<div class=\"elementor-container elementor-column-gap-default\">\n\t\t\t\t\t<div class=\"elementor-column elementor-col-100 elementor-top-column elementor-element elementor-element-86275cc\" data-id=\"86275cc\" data-element_type=\"column\">\n\t\t\t<div class=\"elementor-widget-wrap elementor-element-populated\">\n\t\t\t\t\t\t<section class=\"elementor-section elementor-inner-section elementor-element elementor-element-ddfc949 elementor-section-full_width elementor-section-height-default elementor-section-height-default elementor-invisible\" data-id=\"ddfc949\" data-element_type=\"section\" data-settings=\"{&quot;animation&quot;:&quot;fadeIn&quot;}\">\n\t\t\t\t\t\t<div class=\"elementor-container elementor-column-gap-wider\">\n\t\t\t\t\t<div class=\"elementor-column elementor-col-33 elementor-inner-column elementor-element elementor-element-d32eced\" data-id=\"d32eced\" data-element_type=\"column\">\n\t\t\t<div class=\"elementor-widget-wrap elementor-element-populated\">\n\t\t\t\t\t\t<div class=\"elementor-element elementor-element-d743d3b elementor-invisible elementor-widget elementor-widget-image\" data-id=\"d743d3b\" data-element_type=\"widget\" data-settings=\"{&quot;_animation&quot;:&quot;zoomIn&quot;}\" data-widget_type=\"image.default\">\n\t\t\t\t<div class=\"elementor-widget-container\">\n\t\t\t\t\t\t\t\t\t\t\t\t\t<img decoding=\"async\" width=\"680\" height=\"468\" src=\"https:\/\/audiocenter.com\/wp-content\/uploads\/2023\/06\/20180814162757_590.jpg\" class=\"attachment-medium_large size-medium_large wp-image-13782\" alt=\"\" srcset=\"https:\/\/audiocenter.com\/wp-content\/uploads\/2023\/06\/20180814162757_590.jpg 680w, https:\/\/audiocenter.com\/wp-content\/uploads\/2023\/06\/20180814162757_590-300x206.jpg 300w\" sizes=\"(max-width: 680px) 100vw, 680px\" \/>\t\t\t\t\t\t\t\t\t\t\t\t\t<\/div>\n\t\t\t\t<\/div>\n\t\t\t\t\t<\/div>\n\t\t<\/div>\n\t\t\t\t<div class=\"elementor-column elementor-col-33 elementor-inner-column elementor-element elementor-element-3335b86\" data-id=\"3335b86\" data-element_type=\"column\">\n\t\t\t<div class=\"elementor-widget-wrap elementor-element-populated\">\n\t\t\t\t\t\t<div class=\"elementor-element elementor-element-0b86fdd elementor-widget__width-initial elementor-invisible elementor-widget elementor-widget-image\" data-id=\"0b86fdd\" data-element_type=\"widget\" data-settings=\"{&quot;_animation&quot;:&quot;zoomIn&quot;}\" data-widget_type=\"image.default\">\n\t\t\t\t<div class=\"elementor-widget-container\">\n\t\t\t\t\t\t\t\t\t\t\t\t\t<img decoding=\"async\" width=\"2560\" height=\"1920\" src=\"https:\/\/audiocenter.com\/wp-content\/uploads\/2023\/08\/2023ise-4-scaled.jpg\" class=\"attachment-full size-full wp-image-25020\" alt=\"\" srcset=\"https:\/\/audiocenter.com\/wp-content\/uploads\/2023\/08\/2023ise-4-scaled.jpg 2560w, https:\/\/audiocenter.com\/wp-content\/uploads\/2023\/08\/2023ise-4-scaled-1000x750.jpg 1000w, https:\/\/audiocenter.com\/wp-content\/uploads\/2023\/08\/2023ise-4-300x225.jpg 300w, https:\/\/audiocenter.com\/wp-content\/uploads\/2023\/08\/2023ise-4-1024x768.jpg 1024w, https:\/\/audiocenter.com\/wp-content\/uploads\/2023\/08\/2023ise-4-768x576.jpg 768w, https:\/\/audiocenter.com\/wp-content\/uploads\/2023\/08\/2023ise-4-1536x1152.jpg 1536w, https:\/\/audiocenter.com\/wp-content\/uploads\/2023\/08\/2023ise-4-2048x1536.jpg 2048w\" sizes=\"(max-width: 2560px) 100vw, 2560px\" \/>\t\t\t\t\t\t\t\t\t\t\t\t\t<\/div>\n\t\t\t\t<\/div>\n\t\t\t\t\t<\/div>\n\t\t<\/div>\n\t\t\t\t<div class=\"elementor-column elementor-col-33 elementor-inner-column elementor-element elementor-element-cf603fe\" data-id=\"cf603fe\" data-element_type=\"column\">\n\t\t\t<div class=\"elementor-widget-wrap elementor-element-populated\">\n\t\t\t\t\t\t<div class=\"elementor-element elementor-element-0399b98 elementor-invisible elementor-widget elementor-widget-image\" data-id=\"0399b98\" data-element_type=\"widget\" data-settings=\"{&quot;_animation&quot;:&quot;zoomIn&quot;}\" data-widget_type=\"image.default\">\n\t\t\t\t<div class=\"elementor-widget-container\">\n\t\t\t\t\t\t\t\t\t\t\t\t\t<img loading=\"lazy\" decoding=\"async\" width=\"1080\" height=\"720\" src=\"https:\/\/audiocenter.com\/wp-content\/uploads\/2023\/08\/2023-guangzhou.webp\" class=\"attachment-full size-full wp-image-25452\" alt=\"\" srcset=\"https:\/\/audiocenter.com\/wp-content\/uploads\/2023\/08\/2023-guangzhou.webp 1080w, https:\/\/audiocenter.com\/wp-content\/uploads\/2023\/08\/2023-guangzhou-1000x667.webp 1000w, https:\/\/audiocenter.com\/wp-content\/uploads\/2023\/08\/2023-guangzhou-300x200.webp 300w, https:\/\/audiocenter.com\/wp-content\/uploads\/2023\/08\/2023-guangzhou-1024x683.webp 1024w, https:\/\/audiocenter.com\/wp-content\/uploads\/2023\/08\/2023-guangzhou-768x512.webp 768w\" sizes=\"(max-width: 1080px) 100vw, 1080px\" \/>\t\t\t\t\t\t\t\t\t\t\t\t\t<\/div>\n\t\t\t\t<\/div>\n\t\t\t\t\t<\/div>\n\t\t<\/div>\n\t\t\t\t\t<\/div>\n\t\t<\/section>\n\t\t\t\t\t<\/div>\n\t\t<\/div>\n\t\t\t\t\t<\/div>\n\t\t<\/section>\n\t\t\t\t<section class=\"elementor-section elementor-top-section elementor-element elementor-element-0ea7af8 elementor-section-boxed elementor-section-height-default elementor-section-height-default\" data-id=\"0ea7af8\" data-element_type=\"section\">\n\t\t\t\t\t\t<div class=\"elementor-container elementor-column-gap-default\">\n\t\t\t\t\t<div class=\"elementor-column elementor-col-100 elementor-top-column elementor-element elementor-element-518456b\" data-id=\"518456b\" data-element_type=\"column\">\n\t\t\t<div class=\"elementor-widget-wrap elementor-element-populated\">\n\t\t\t\t\t\t<section class=\"elementor-section elementor-inner-section elementor-element elementor-element-3c60e61 elementor-section-full_width elementor-section-height-default elementor-section-height-default elementor-invisible\" data-id=\"3c60e61\" data-element_type=\"section\" data-settings=\"{&quot;animation&quot;:&quot;fadeIn&quot;}\">\n\t\t\t\t\t\t<div class=\"elementor-container elementor-column-gap-wider\">\n\t\t\t\t\t<div class=\"elementor-column elementor-col-33 elementor-inner-column elementor-element elementor-element-74b7418\" data-id=\"74b7418\" data-element_type=\"column\">\n\t\t\t<div class=\"elementor-widget-wrap elementor-element-populated\">\n\t\t\t\t\t\t<div class=\"elementor-element elementor-element-794e686 elementor-invisible elementor-widget elementor-widget-image\" data-id=\"794e686\" data-element_type=\"widget\" data-settings=\"{&quot;_animation&quot;:&quot;zoomIn&quot;}\" data-widget_type=\"image.default\">\n\t\t\t\t<div class=\"elementor-widget-container\">\n\t\t\t\t\t\t\t\t\t\t\t\t\t<img decoding=\"async\" src=\"https:\/\/audiocenter.com\/wp-content\/uploads\/elementor\/thumbs\/-scaled-e1692407698646-qca0zvipuqxte7shk702cop2tje1vmac6yoem3tvg0.jpg\" title=\"\u5357\u975e\" alt=\"\u5357\u975e\" loading=\"lazy\" \/>\t\t\t\t\t\t\t\t\t\t\t\t\t<\/div>\n\t\t\t\t<\/div>\n\t\t\t\t\t<\/div>\n\t\t<\/div>\n\t\t\t\t<div class=\"elementor-column elementor-col-33 elementor-inner-column elementor-element elementor-element-77c4daf\" data-id=\"77c4daf\" data-element_type=\"column\">\n\t\t\t<div class=\"elementor-widget-wrap elementor-element-populated\">\n\t\t\t\t\t\t<div class=\"elementor-element elementor-element-82b3031 elementor-invisible elementor-widget elementor-widget-image\" data-id=\"82b3031\" data-element_type=\"widget\" data-settings=\"{&quot;_animation&quot;:&quot;zoomIn&quot;}\" data-widget_type=\"image.default\">\n\t\t\t\t<div class=\"elementor-widget-container\">\n\t\t\t\t\t\t\t\t\t\t\t\t\t<img loading=\"lazy\" decoding=\"async\" width=\"1542\" height=\"1032\" src=\"https:\/\/audiocenter.com\/wp-content\/uploads\/2023\/04\/777.jpg\" class=\"attachment-full size-full wp-image-11574\" alt=\"\" srcset=\"https:\/\/audiocenter.com\/wp-content\/uploads\/2023\/04\/777.jpg 1542w, https:\/\/audiocenter.com\/wp-content\/uploads\/2023\/04\/777-1000x669.jpg 1000w, https:\/\/audiocenter.com\/wp-content\/uploads\/2023\/04\/777-300x201.jpg 300w, https:\/\/audiocenter.com\/wp-content\/uploads\/2023\/04\/777-1024x685.jpg 1024w, https:\/\/audiocenter.com\/wp-content\/uploads\/2023\/04\/777-768x514.jpg 768w, https:\/\/audiocenter.com\/wp-content\/uploads\/2023\/04\/777-1536x1028.jpg 1536w\" sizes=\"(max-width: 1542px) 100vw, 1542px\" \/>\t\t\t\t\t\t\t\t\t\t\t\t\t<\/div>\n\t\t\t\t<\/div>\n\t\t\t\t\t<\/div>\n\t\t<\/div>\n\t\t\t\t<div class=\"elementor-column elementor-col-33 elementor-inner-column elementor-element elementor-element-077b1de\" data-id=\"077b1de\" data-element_type=\"column\">\n\t\t\t<div class=\"elementor-widget-wrap elementor-element-populated\">\n\t\t\t\t\t\t<div class=\"elementor-element elementor-element-4661f18 elementor-invisible elementor-widget elementor-widget-image\" data-id=\"4661f18\" data-element_type=\"widget\" data-settings=\"{&quot;_animation&quot;:&quot;zoomIn&quot;}\" data-widget_type=\"image.default\">\n\t\t\t\t<div class=\"elementor-widget-container\">\n\t\t\t\t\t\t\t\t\t\t\t\t\t<img loading=\"lazy\" decoding=\"async\" width=\"768\" height=\"512\" src=\"https:\/\/audiocenter.com\/wp-content\/uploads\/2023\/08\/32-768x512.jpg\" class=\"attachment-medium_large size-medium_large wp-image-25008\" alt=\"\" srcset=\"https:\/\/audiocenter.com\/wp-content\/uploads\/2023\/08\/32-768x512.jpg 768w, https:\/\/audiocenter.com\/wp-content\/uploads\/2023\/08\/32-1000x667.jpg 1000w, https:\/\/audiocenter.com\/wp-content\/uploads\/2023\/08\/32-300x200.jpg 300w, https:\/\/audiocenter.com\/wp-content\/uploads\/2023\/08\/32-1024x683.jpg 1024w, https:\/\/audiocenter.com\/wp-content\/uploads\/2023\/08\/32.jpg 1080w\" sizes=\"(max-width: 768px) 100vw, 768px\" \/>\t\t\t\t\t\t\t\t\t\t\t\t\t<\/div>\n\t\t\t\t<\/div>\n\t\t\t\t\t<\/div>\n\t\t<\/div>\n\t\t\t\t\t<\/div>\n\t\t<\/section>\n\t\t\t\t<div class=\"elementor-element elementor-element-36a643b elementor-widget elementor-widget-spacer\" data-id=\"36a643b\" data-element_type=\"widget\" data-widget_type=\"spacer.default\">\n\t\t\t\t<div class=\"elementor-widget-container\">\n\t\t\t\t\t<div class=\"elementor-spacer\">\n\t\t\t<div class=\"elementor-spacer-inner\"><\/div>\n\t\t<\/div>\n\t\t\t\t<\/div>\n\t\t\t\t<\/div>\n\t\t\t\t\t<\/div>\n\t\t<\/div>\n\t\t\t\t\t<\/div>\n\t\t<\/section>\n\t\t\t\t<\/div>\n\t\t","protected":false},"excerpt":{"rendered":"<p>Promoci\u00f3n mundial de marcas AUDIOCENTER toma los productos como el n\u00facleo, y toma el apoyo t\u00e9cnico y como puntos de apoyo para la promoci\u00f3n global de la marca. AUDIOCENTER ha dividido el mercado mundial en 5 regiones para la promoci\u00f3n global de la marca. En Europa, AUDIOCENTER ha creado una sucursal con TRIUS que se&hellip;<\/p>\n","protected":false},"author":1,"featured_media":0,"parent":0,"menu_order":0,"comment_status":"closed","ping_status":"closed","template":"elementor_header_footer","meta":{"footnotes":""},"class_list":["post-26989","page","type-page","status-publish","hentry"],"_links":{"self":[{"href":"https:\/\/audiocenter.com\/es\/wp-json\/wp\/v2\/pages\/26989","targetHints":{"allow":["GET"]}}],"collection":[{"href":"https:\/\/audiocenter.com\/es\/wp-json\/wp\/v2\/pages"}],"about":[{"href":"https:\/\/audiocenter.com\/es\/wp-json\/wp\/v2\/types\/page"}],"author":[{"embeddable":true,"href":"https:\/\/audiocenter.com\/es\/wp-json\/wp\/v2\/users\/1"}],"replies":[{"embeddable":true,"href":"https:\/\/audiocenter.com\/es\/wp-json\/wp\/v2\/comments?post=26989"}],"version-history":[{"count":4,"href":"https:\/\/audiocenter.com\/es\/wp-json\/wp\/v2\/pages\/26989\/revisions"}],"predecessor-version":[{"id":38324,"href":"https:\/\/audiocenter.com\/es\/wp-json\/wp\/v2\/pages\/26989\/revisions\/38324"}],"wp:attachment":[{"href":"https:\/\/audiocenter.com\/es\/wp-json\/wp\/v2\/media?parent=26989"}],"curies":[{"name":"wp","href":"https:\/\/api.w.org\/{rel}","templated":true}]}}