{"id":38424,"date":"2024-05-16T16:31:59","date_gmt":"2024-05-16T08:31:59","guid":{"rendered":"https:\/\/audiocenter.net\/register\/"},"modified":"2024-05-16T17:49:44","modified_gmt":"2024-05-16T09:49:44","slug":"register","status":"publish","type":"page","link":"https:\/\/audiocenter.com\/es\/register\/","title":{"rendered":"Register"},"content":{"rendered":"\t\t<div data-elementor-type=\"wp-page\" data-elementor-id=\"38424\" class=\"elementor elementor-38424\" data-elementor-post-type=\"page\">\n\t\t\t\t\t\t<section class=\"elementor-section elementor-top-section elementor-element elementor-element-31428a0 elementor-section-boxed elementor-section-height-default elementor-section-height-default\" data-id=\"31428a0\" data-element_type=\"section\">\n\t\t\t\t\t\t<div class=\"elementor-container elementor-column-gap-default\">\n\t\t\t\t\t<div class=\"elementor-column elementor-col-100 elementor-top-column elementor-element elementor-element-9369047\" data-id=\"9369047\" data-element_type=\"column\">\n\t\t\t<div class=\"elementor-widget-wrap elementor-element-populated\">\n\t\t\t\t\t\t<div class=\"elementor-element elementor-element-50c0538 elementor-widget elementor-widget-heading\" data-id=\"50c0538\" data-element_type=\"widget\" data-widget_type=\"heading.default\">\n\t\t\t\t<div class=\"elementor-widget-container\">\n\t\t\t<h2 class=\"elementor-heading-title elementor-size-default\">Welcome to register as an Audiocenter member!<\/h2>\t\t<\/div>\n\t\t\t\t<\/div>\n\t\t\t\t\t<\/div>\n\t\t<\/div>\n\t\t\t\t\t<\/div>\n\t\t<\/section>\n\t\t\t\t<section class=\"elementor-section elementor-top-section elementor-element elementor-element-4cb0d9d0 elementor-section-boxed elementor-section-height-default elementor-section-height-default\" data-id=\"4cb0d9d0\" data-element_type=\"section\">\n\t\t\t\t\t\t<div class=\"elementor-container elementor-column-gap-default\">\n\t\t\t\t\t<div class=\"elementor-column elementor-col-100 elementor-top-column elementor-element elementor-element-6984d7a2\" data-id=\"6984d7a2\" data-element_type=\"column\">\n\t\t\t<div class=\"elementor-widget-wrap elementor-element-populated\">\n\t\t\t\t\t\t<div class=\"elementor-element elementor-element-75c6a566 elementor-widget elementor-widget-shortcode\" data-id=\"75c6a566\" data-element_type=\"widget\" data-widget_type=\"shortcode.default\">\n\t\t\t\t<div class=\"elementor-widget-container\">\n\t\t\t\t\t<div class=\"elementor-shortcode\">\n<div class=\"um um-register um-38418\">\n\t<div class=\"um-form\" data-mode=\"register\">\n\t\t<form method=\"post\" action=\"\">\n\t\t\t<div class=\"um-row _um_row_1 \" style=\"margin: 0 0 30px 0;\"><div class=\"um-col-1\"><div  id=\"um_field_38418_user_login\" class=\"um-field um-field-text  um-field-user_login um-field-text um-field-type_text\" data-key=\"user_login\"><div class=\"um-field-label\"><label for=\"user_login-38418\">Nombre de usuario<span class=\"um-req\" title=\"Obligatorio\">*<\/span><\/label><div class=\"um-clear\"><\/div><\/div><div class=\"um-field-area\"><input  autocomplete=\"off\" class=\"um-form-field valid \" type=\"text\" name=\"user_login-38418\" id=\"user_login-38418\" value=\"\" placeholder=\"\" data-validate=\"unique_username\" data-key=\"user_login\"  aria-invalid=\"false\" \/>\n\n\t\t\t\t\t\t<\/div><\/div><div  id=\"um_field_38418_user_email\" class=\"um-field um-field-text  um-field-user_email um-field-text um-field-type_text\" data-key=\"user_email\"><div class=\"um-field-label\"><label for=\"user_email-38418\">Direcci\u00f3n de correo electr\u00f3nico<span class=\"um-req\" title=\"Obligatorio\">*<\/span><\/label><div class=\"um-clear\"><\/div><\/div><div class=\"um-field-area\"><input  autocomplete=\"off\" class=\"um-form-field valid \" type=\"text\" name=\"user_email-38418\" id=\"user_email-38418\" value=\"\" placeholder=\"\" data-validate=\"unique_email\" data-key=\"user_email\"  aria-invalid=\"false\" \/>\n\n\t\t\t\t\t\t<\/div><\/div><div  id=\"um_field_38418_whatsapp\" class=\"um-field um-field-text  um-field-whatsapp um-field-text um-field-type_text\" data-key=\"whatsapp\"><div class=\"um-field-label\"><div class=\"um-field-label-icon\"><i class=\"um-icon-social-whatsapp\" aria-label=\"WhatsApp number\"><\/i><\/div><label for=\"whatsapp-38418\">N\u00famero de WhatsApp<span class=\"um-req\" title=\"Obligatorio\">*<\/span><\/label><div class=\"um-clear\"><\/div><\/div><div class=\"um-field-area\"><input  autocomplete=\"off\" class=\"um-form-field valid \" type=\"text\" name=\"whatsapp-38418\" id=\"whatsapp-38418\" value=\"\" placeholder=\"\" data-validate=\"phone_number\" data-key=\"whatsapp\"  aria-invalid=\"false\" \/>\n\n\t\t\t\t\t\t<\/div><\/div><div  id=\"um_field_38418_country\" class=\"um-field um-field-select  um-field-country um-field-select um-field-type_select\" data-key=\"country\"><div class=\"um-field-label\"><label for=\"country-38418\">Pa\u00eds<span class=\"um-req\" title=\"Obligatorio\">*<\/span><\/label><div class=\"um-clear\"><\/div><\/div><div class=\"um-field-area  \"><select data-default=\"\"     name=\"country\" id=\"country\" data-validate=\"\" data-key=\"country\" class=\"um-form-field valid um-s1 \" style=\"width: 100%\" data-placeholder=\"Choose a Country\"   aria-invalid=\"false\" ><option value=\"\"><\/option><option value=\"Afghanistan\" >Afganist\u00e1n<\/option><option value=\"\u00c5land Islands\" >Islas \u00c5land<\/option><option value=\"Albania\" >Albania<\/option><option value=\"Algeria\" >Argelia<\/option><option value=\"American Samoa\" >Samoa<\/option><option value=\"Andorra\" >Andorra<\/option><option value=\"Angola\" >Angola<\/option><option value=\"Anguilla\" >Anguilla<\/option><option value=\"Antarctica\" >Ant\u00e1rtica<\/option><option value=\"Antigua and Barbuda\" >Antigua y Barbuda<\/option><option value=\"Argentina\" >Argentina<\/option><option value=\"Armenia\" >Armenia<\/option><option value=\"Aruba\" >Aruba<\/option><option value=\"Australia\" >Australia<\/option><option value=\"Austria\" >Austria<\/option><option value=\"Azerbaijan\" >Azerbaiy\u00e1n<\/option><option value=\"Bahamas\" >Bahamas<\/option><option value=\"Bahrain\" >Bar\u00e9in<\/option><option value=\"Bangladesh\" >Banglad\u00e9s<\/option><option value=\"Barbados\" >Barbados<\/option><option value=\"Belarus\" >Bielorrusia<\/option><option value=\"Belgium\" >B\u00e9lgica<\/option><option value=\"Belize\" >Belice<\/option><option value=\"Benin\" >Ben\u00edn<\/option><option value=\"Bermuda\" >Bermuda<\/option><option value=\"Bhutan\" >But\u00e1n<\/option><option value=\"Bolivia, Plurinational State of\" >Bolivia<\/option><option value=\"Bosnia and Herzegovina\" >Bosnia y Herzegovina<\/option><option value=\"Botswana\" >Botsuana<\/option><option value=\"Bouvet Island\" >Isla Bouvet<\/option><option value=\"Brazil\" >Brasil<\/option><option value=\"British Indian Ocean Territory\" >Territorio Brit\u00e1nico del Oc\u00e9ano \u00cdndico<\/option><option value=\"Brunei Darussalam\" >Brunei Darussalam<\/option><option value=\"Bulgaria\" >Bulgaria<\/option><option value=\"Burkina Faso\" >Burkina Faso<\/option><option value=\"Burundi\" >Burundi<\/option><option value=\"Cambodia\" >Camboya<\/option><option value=\"Cameroon\" >Camer\u00fan<\/option><option value=\"Canada\" >Canad\u00e1<\/option><option value=\"Cape Verde\" >Cabo Verde<\/option><option value=\"Cayman Islands\" >Islas Caim\u00e1n<\/option><option value=\"Central African Republic\" >Rep\u00fablica Centroafricana<\/option><option value=\"Chad\" >Chad<\/option><option value=\"Chile\" >Chile<\/option><option value=\"China\" >China<\/option><option value=\"Christmas Island\" >Islas Christmas<\/option><option value=\"Cocos (Keeling) Islands\" >Islas (Keeling) Cocos<\/option><option value=\"Colombia\" >Colombia<\/option><option value=\"Comoros\" >Comoras<\/option><option value=\"Congo\" >Congo<\/option><option value=\"Congo, the Democratic Republic of the\" >Rep\u00fablica Democr\u00e1tica del Congo<\/option><option value=\"Cook Islands\" >Islas Cook<\/option><option value=\"Costa Rica\" >Costa Rica<\/option><option value=\"C\u00f4te d&#039;Ivoire\" >Costa de Marfil<\/option><option value=\"Croatia\" >Croacia<\/option><option value=\"Cuba\" >Cuba<\/option><option value=\"Cyprus\" >Chipre<\/option><option value=\"Czech Republic\" >Rep\u00fablica Checa<\/option><option value=\"Denmark\" >Dinamarca<\/option><option value=\"Djibouti\" >Yibuti<\/option><option value=\"Dominica\" >Dominica<\/option><option value=\"Dominican Republic\" >Rep\u00fablica Dominicana<\/option><option value=\"Ecuador\" >Ecuador<\/option><option value=\"Egypt\" >Egipto<\/option><option value=\"El Salvador\" >El Salvador<\/option><option value=\"Equatorial Guinea\" >Guinea Ecuatorial<\/option><option value=\"Eritrea\" >Eritrea<\/option><option value=\"Estonia\" >Estonia<\/option><option value=\"Ethiopia\" >Etiop\u00eda<\/option><option value=\"Falkland Islands (Malvinas)\" >Islas Malvinas<\/option><option value=\"Faroe Islands\" >Islas Feroe<\/option><option value=\"Fiji\" >Fiji<\/option><option value=\"Finland\" >Finlandia<\/option><option value=\"France\" >Francia<\/option><option value=\"French Guiana\" >Guyana Francesa<\/option><option value=\"French Polynesia\" >Polinesia Francesa<\/option><option value=\"French Southern Territories\" >Territorios Franceses del Sur<\/option><option value=\"Gabon\" >Gab\u00f3n<\/option><option value=\"Gambia\" >Gambia<\/option><option value=\"Sakartvelo\" >Sakartvelo<\/option><option value=\"Germany\" >Alemania<\/option><option value=\"Ghana\" >Ghana<\/option><option value=\"Gibraltar\" >Gibraltar<\/option><option value=\"Greece\" >Grecia<\/option><option value=\"Greenland\" >Groenlandia<\/option><option value=\"Grenada\" >Grenada<\/option><option value=\"Guadeloupe\" >Guadalupe<\/option><option value=\"Guam\" >Guam<\/option><option value=\"Guatemala\" >Guatemala<\/option><option value=\"Guernsey\" >Guernsey<\/option><option value=\"Guinea\" >Guinea<\/option><option value=\"Guinea-Bissau\" >Guinea Bissau<\/option><option value=\"Guyana\" >Guyana<\/option><option value=\"Haiti\" >Hait\u00ed<\/option><option value=\"Heard Island and McDonald Islands\" >Islas Heard y McDonald<\/option><option value=\"Holy See (Vatican City State)\" >Santa Sede (Estado Ciudad del Vaticano)<\/option><option value=\"Honduras\" >Honduras<\/option><option value=\"Hong Kong\" >Hong Kong<\/option><option value=\"Hungary\" >Hungr\u00eda<\/option><option value=\"Iceland\" >Islandia<\/option><option value=\"India\" >India<\/option><option value=\"Indonesia\" >Indonesia<\/option><option value=\"Iran, Islamic Republic of\" >Ir\u00e1n, Rep\u00fablica Isl\u00e1mica de<\/option><option value=\"Iraq\" >Iraq<\/option><option value=\"Ireland\" >Irlanda<\/option><option value=\"Isle of Man\" >Isla de Man<\/option><option value=\"Israel\" >Israel<\/option><option value=\"Italy\" >Italia<\/option><option value=\"Jamaica\" >Jamaica<\/option><option value=\"Japan\" >Jap\u00f3n<\/option><option value=\"Jersey\" >Jersey<\/option><option value=\"Jordan\" >Jordania<\/option><option value=\"Kazakhstan\" >Kazajist\u00e1n<\/option><option value=\"Kenya\" >Kenia<\/option><option value=\"Kiribati\" >Kiribati<\/option><option value=\"Korea, Democratic People&#039;s Republic of\" >Rep\u00fablica Democr\u00e1tica de Corea<\/option><option value=\"Korea, Republic of\" >Rep\u00fablica de Corea<\/option><option value=\"Kuwait\" >Kuwait<\/option><option value=\"Kyrgyzstan\" >Kirguist\u00e1n<\/option><option value=\"Lao People&#039;s Democratic Republic\" >Rep\u00fablica Popular Democr\u00e1tica de Laos<\/option><option value=\"Latvia\" >Letonia<\/option><option value=\"Lebanon\" >L\u00edbano<\/option><option value=\"Lesotho\" >Lesoto<\/option><option value=\"Liberia\" >Liberia<\/option><option value=\"Libyan Arab Jamahiriya\" >Gran Yamahiriya \u00c1rabe Libia<\/option><option value=\"Liechtenstein\" >Liechtenstein<\/option><option value=\"Lithuania\" >Lituania<\/option><option value=\"Luxembourg\" >Luxemburgo<\/option><option value=\"Macao\" >Macao<\/option><option value=\"Macedonia, the former Yugoslav Republic of\" >Macedonia<\/option><option value=\"Madagascar\" >Madagascar<\/option><option value=\"Malawi\" >Malaui<\/option><option value=\"Malaysia\" >Malasia<\/option><option value=\"Maldives\" >Maldivas<\/option><option value=\"Mali\" >Mal\u00ed<\/option><option value=\"Malta\" >Malta<\/option><option value=\"Marshall Islands\" >Islas Marshall<\/option><option value=\"Martinique\" >Martinique<\/option><option value=\"Mauritania\" >Mauritania<\/option><option value=\"Mauritius\" >Mauricio<\/option><option value=\"Mayotte\" >Mayotte<\/option><option value=\"Mexico\" >M\u00e9xico<\/option><option value=\"Micronesia, Federated States of\" >Micrones\u00eda<\/option><option value=\"Moldova, Republic of\" >Moldavia<\/option><option value=\"Monaco\" >M\u00f3naco<\/option><option value=\"Mongolia\" >Mongolia<\/option><option value=\"Montenegro\" >Montenegro<\/option><option value=\"Montserrat\" >Montserrat<\/option><option value=\"Morocco\" >Marruecos<\/option><option value=\"Mozambique\" >Mozambique<\/option><option value=\"Myanmar\" >Myanmar<\/option><option value=\"Namibia\" >Namibia<\/option><option value=\"Nauru\" >Naur\u00fa<\/option><option value=\"Nepal\" >Nepal<\/option><option value=\"Netherlands\" >Pa\u00edses Bajos<\/option><option value=\"Netherlands Antilles\" >Antillas Holandesas<\/option><option value=\"New Caledonia\" >Nueva Caledonia<\/option><option value=\"New Zealand\" >Nueva Zelanda<\/option><option value=\"Nicaragua\" >Nicaragua<\/option><option value=\"Niger\" >Niger<\/option><option value=\"Nigeria\" >Nigeria<\/option><option value=\"Niue\" >Niu\u00e9<\/option><option value=\"Norfolk Island\" >Islas Norfolk<\/option><option value=\"Northern Mariana Islands\" >Islas Marianas del Norte<\/option><option value=\"Norway\" >Noruega<\/option><option value=\"Oman\" >Om\u00e1n<\/option><option value=\"Pakistan\" >Pakist\u00e1n<\/option><option value=\"Palau\" >Palaos<\/option><option value=\"Palestine\" >Palestina<\/option><option value=\"Panama\" >Panam\u00e1<\/option><option value=\"Papua New Guinea\" >Pap\u00faa Nueva Guinea<\/option><option value=\"Paraguay\" >Paraguay<\/option><option value=\"Peru\" >Per\u00fa<\/option><option value=\"Philippines\" >Filipinas<\/option><option value=\"Pitcairn\" >Pitcairn<\/option><option value=\"Poland\" >Polonia<\/option><option value=\"Portugal\" >Portugal<\/option><option value=\"Puerto Rico\" >Puerto Rico<\/option><option value=\"Qatar\" >Qatar<\/option><option value=\"R\u00e9union\" >Reuni\u00f3n<\/option><option value=\"Romania\" >Ruman\u00eda<\/option><option value=\"Russian Federation\" >Federaci\u00f3n Rusa<\/option><option value=\"Rwanda\" >Ruanda<\/option><option value=\"Saint Barth\u00e9lemy\" >San Bartolomeo<\/option><option value=\"Saint Helena\" >Santa Elena<\/option><option value=\"Saint Kitts and Nevis\" >San Crist\u00f3bal y Nevis<\/option><option value=\"Saint Lucia\" >Santa Luc\u00eda<\/option><option value=\"Saint Martin (French part)\" >San Martin (parte Francesa)<\/option><option value=\"Saint Pierre and Miquelon\" >San Pedro y Miquel\u00f3n<\/option><option value=\"Saint Vincent and the Grenadines\" >San Vicente y las Granadinas<\/option><option value=\"Samoa\" >Samoa<\/option><option value=\"San Marino\" >San Marino<\/option><option value=\"Sao Tome and Principe\" >Santo Tom\u00e9 y Pr\u00edncipe<\/option><option value=\"Saudi Arabia\" >Arabia Saudita<\/option><option value=\"Senegal\" >Senegal<\/option><option value=\"Serbia\" >Serbia<\/option><option value=\"Seychelles\" >Seychelles<\/option><option value=\"Sierra Leone\" >Sierra Leona<\/option><option value=\"Singapore\" >Singapur<\/option><option value=\"Slovakia\" >Eslovaquia<\/option><option value=\"Slovenia\" >Eslovenia<\/option><option value=\"Solomon Islands\" >Islas Salom\u00f3n<\/option><option value=\"Somalia\" >Somalia<\/option><option value=\"South Africa\" >Sud\u00e1frica<\/option><option value=\"South Georgia and the South Sandwich Islands\" >Territorio brit\u00e1nico de ultramar de las Islas Georgias del Sur y Sandwich del Sur<\/option><option value=\"South Sudan\" >Sud\u00e1n del Sur<\/option><option value=\"Spain\" >Espa\u00f1a<\/option><option value=\"Sri Lanka\" >Sri Lanka<\/option><option value=\"Sudan\" >Sud\u00e1n<\/option><option value=\"Suriname\" >Surinam<\/option><option value=\"Svalbard and Jan Mayen\" >Islas Svalbard y Jan Mayen<\/option><option value=\"Eswatini\" >Eswatini<\/option><option value=\"Sweden\" >Suecia<\/option><option value=\"Switzerland\" >Suiza<\/option><option value=\"Syrian Arab Republic\" >Siria<\/option><option value=\"Taiwan, Province of China\" >Taiw\u00e1n<\/option><option value=\"Tajikistan\" >Tajikist\u00e1n<\/option><option value=\"Tanzania, United Republic of\" >Tanzania<\/option><option value=\"Thailand\" >Thailandia<\/option><option value=\"Timor-Leste\" >Timor-Leste<\/option><option value=\"Togo\" >Togo<\/option><option value=\"Tokelau\" >Tokelau<\/option><option value=\"Tonga\" >Tonga<\/option><option value=\"Trinidad and Tobago\" >Trinidad y Tobago<\/option><option value=\"Tunisia\" >T\u00fanez<\/option><option value=\"Turkey\" >Turqu\u00eda<\/option><option value=\"Turkmenistan\" >Turkmenist\u00e1n<\/option><option value=\"Turks and Caicos Islands\" >Islas Turcas y Caicos<\/option><option value=\"Tuvalu\" >Tuvalu<\/option><option value=\"Uganda\" >Uganda<\/option><option value=\"Ukraine\" >Ucrania<\/option><option value=\"United Arab Emirates\" >Emiratos \u00c1rabes Unidos<\/option><option value=\"United Kingdom\" >Reino Unido<\/option><option value=\"United States\" >Estados Unidos<\/option><option value=\"United States Minor Outlying Islands\" >Estados Unidos, Islas menores<\/option><option value=\"Uruguay\" >Uruguay<\/option><option value=\"Uzbekistan\" >Uzbekist\u00e1n<\/option><option value=\"Vanuatu\" >Vanuatu<\/option><option value=\"Venezuela, Bolivarian Republic of\" >Venezuela, Rep\u00fablica Bolivariana de<\/option><option value=\"Viet Nam\" >Vietnam<\/option><option value=\"Virgin Islands, British\" >Islas V\u00edrgenes Brit\u00e1nicas<\/option><option value=\"Virgin Islands, U.S.\" >Islas V\u00edrgenes, EE.UU.<\/option><option value=\"Wallis and Futuna\" >Wallis y Futuna<\/option><option value=\"Western Sahara\" >Sahara Occidental<\/option><option value=\"Yemen\" >Yemen<\/option><option value=\"Zambia\" >Zambia<\/option><option value=\"Zimbabwe\" >Zimbabwe<\/option><\/select><\/div><\/div><div  id=\"um_field_38418_user_password\" class=\"um-field um-field-password  um-field-user_password um-field-password um-field-type_password\" data-key=\"user_password\"><div class=\"um-field-label\"><label for=\"user_password-38418\">Contrase\u00f1a<span class=\"um-req\" title=\"Obligatorio\">*<\/span><\/label><div class=\"um-clear\"><\/div><\/div><div class=\"um-field-area\"><input class=\"um-form-field valid \" type=\"password\" name=\"user_password-38418\" id=\"user_password-38418\" value=\"\" placeholder=\"\" data-validate=\"\" data-key=\"user_password\"  aria-invalid=\"false\" \/>\n\n\t\t\t\t\t\t\t<\/div><\/div><div  id=\"um_field_38418_confirm_user_password\" class=\"um-field um-field-password  um-field-user_password um-field-password um-field-type_password\" data-key=\"confirm_user_password\"><div class=\"um-field-label\"><label for=\"confirm_user_password-38418\">Confirmar la contrase\u00f1a<span class=\"um-req\" title=\"Obligatorio\">*<\/span><\/label><div class=\"um-clear\"><\/div><\/div><div class=\"um-field-area\"><input class=\"um-form-field valid \" type=\"password\" name=\"confirm_user_password-38418\" id=\"confirm_user_password-38418\" value=\"\" placeholder=\"Confirmar la contrase\u00f1a\" data-validate=\"\" data-key=\"confirm_user_password\"  aria-invalid=\"false\" \/><\/div><\/div><\/div><\/div>\t\t<input type=\"hidden\" name=\"form_id\" id=\"form_id_38418\" value=\"38418\" \/>\n\t\n\t<p class=\"um_request_name\">\n\t\t<label for=\"um_request_38418\">Only fill in if you are not human<\/label>\n\t\t<input type=\"hidden\" name=\"um_request\" id=\"um_request_38418\" class=\"input\" value=\"\" size=\"25\" autocomplete=\"off\" \/>\n\t<\/p>\n\n\t<input type=\"hidden\" id=\"_wpnonce\" name=\"_wpnonce\" value=\"e53d55862e\" \/><input type=\"hidden\" name=\"_wp_http_referer\" value=\"\/es\/wp-json\/wp\/v2\/pages\/38424\" \/>\n\t<div class=\"um-col-alt\">\n\n\t\t\n\t\t\t<div class=\"um-left um-half\">\n\t\t\t\t<input type=\"submit\" value=\"Registro\" class=\"um-button\" id=\"um-submit-btn\" \/>\n\t\t\t<\/div>\n\t\t\t<div class=\"um-right um-half\">\n\t\t\t\t<a href=\"https:\/\/audiocenter.com\/es\/login\/\" class=\"um-button um-alt\">\n\t\t\t\t\tAcceder\t\t\t\t<\/a>\n\t\t\t<\/div>\n\n\t\t\n\t\t<div class=\"um-clear\"><\/div>\n\n\t<\/div>\n\n\t\t\t<\/form>\n\t<\/div>\n<\/div>\n<style>\n\t\t\t.um-38418.um {\n\t\t\tmax-width: 450px;\n\t\t}\n\t\t<\/style>\n<\/div>\n\t\t\t\t<\/div>\n\t\t\t\t<\/div>\n\t\t\t\t\t<\/div>\n\t\t<\/div>\n\t\t\t\t\t<\/div>\n\t\t<\/section>\n\t\t\t\t<\/div>\n\t\t","protected":false},"excerpt":{"rendered":"<p>Welcome to register as an Audiocenter member!<\/p>\n","protected":false},"author":1,"featured_media":0,"parent":0,"menu_order":0,"comment_status":"closed","ping_status":"closed","template":"","meta":{"footnotes":""},"class_list":["post-38424","page","type-page","status-publish","hentry"],"_links":{"self":[{"href":"https:\/\/audiocenter.com\/es\/wp-json\/wp\/v2\/pages\/38424","targetHints":{"allow":["GET"]}}],"collection":[{"href":"https:\/\/audiocenter.com\/es\/wp-json\/wp\/v2\/pages"}],"about":[{"href":"https:\/\/audiocenter.com\/es\/wp-json\/wp\/v2\/types\/page"}],"author":[{"embeddable":true,"href":"https:\/\/audiocenter.com\/es\/wp-json\/wp\/v2\/users\/1"}],"replies":[{"embeddable":true,"href":"https:\/\/audiocenter.com\/es\/wp-json\/wp\/v2\/comments?post=38424"}],"version-history":[{"count":7,"href":"https:\/\/audiocenter.com\/es\/wp-json\/wp\/v2\/pages\/38424\/revisions"}],"predecessor-version":[{"id":38443,"href":"https:\/\/audiocenter.com\/es\/wp-json\/wp\/v2\/pages\/38424\/revisions\/38443"}],"wp:attachment":[{"href":"https:\/\/audiocenter.com\/es\/wp-json\/wp\/v2\/media?parent=38424"}],"curies":[{"name":"wp","href":"https:\/\/api.w.org\/{rel}","templated":true}]}}