{"id":25150,"date":"2020-04-07T13:59:00","date_gmt":"2020-04-07T13:59:00","guid":{"rendered":"http:\/\/aolei.pekingdesign.com.cn\/postes\/"},"modified":"2020-04-07T13:59:00","modified_gmt":"2020-04-07T13:59:00","slug":"postes","status":"publish","type":"page","link":"https:\/\/audiocenter.com\/fr\/postes\/","title":{"rendered":"Postes"},"content":{"rendered":"\t\t<div data-elementor-type=\"wp-page\" data-elementor-id=\"25150\" class=\"elementor elementor-25150\" data-elementor-post-type=\"page\">\n\t\t\t\t\t\t<section class=\"elementor-section elementor-top-section elementor-element elementor-element-64f606a elementor-section-height-min-height elementor-section-items-stretch elementor-section-content-middle elementor-section-boxed elementor-section-height-default\" data-id=\"64f606a\" data-element_type=\"section\">\n\t\t\t\t\t\t\t<div class=\"elementor-background-overlay\"><\/div>\n\t\t\t\t\t\t\t<div class=\"elementor-container elementor-column-gap-wider\">\n\t\t\t\t\t<div class=\"elementor-column elementor-col-100 elementor-top-column elementor-element elementor-element-dd9b4aa\" data-id=\"dd9b4aa\" data-element_type=\"column\" data-settings=\"{&quot;background_background&quot;:&quot;classic&quot;}\">\n\t\t\t<div class=\"elementor-widget-wrap elementor-element-populated\">\n\t\t\t\t\t\t<div class=\"elementor-element elementor-element-2eb1092 img-align-mobile-top image-vertical-align-center image-vertical-align-tablet-start img-align-top icon-box-vertical-align-top preserve-img-ratio-cover slide-h-position-left elementor-widget elementor-widget-the7-elements-simple-posts\" data-id=\"2eb1092\" data-element_type=\"widget\" data-widget_type=\"the7-elements-simple-posts.default\">\n\t\t\t\t<div class=\"elementor-widget-container\">\n\t\t\t<div class=\"the7-simple-widget-posts the7-elementor-widget the7-elements-simple-posts-2eb1092\" data-post-limit=\"-1\" data-pagination-mode=\"standard\" data-scroll-offset=\"\">\t\t\t<div class=\"dt-css-grid custom-pagination-handler\" data-columns=\"{&quot;d&quot;:3,&quot;t&quot;:2,&quot;p&quot;:1,&quot;wd&quot;:&quot;&quot;}\">\n\t\t\t\t\t\t\t\t\t<div class=\"wf-cell visible \">\n\t\t\t\t\t\t<article class=\"post visible wrapper no-img post-49166 type-post status-publish format-standard hentry category-non-classifiee category-241 description-off\">\n\n\t\t\t\t\t\t\t<div class=\"post-content-wrapper\">\n\t\t\t\t\t\t\t\t\t\t\t\t\t\t\t\t<div class=\"post-entry-content\">\n\t\t\t\t\t\t\t\t\t<h5 class=\"heading\"><a href=\"https:\/\/audiocenter.com\/fr\/succes-de-la-demonstration-de-la-serie-avanda-au-perou\/\" rel=\"bookmark\" title=\"Succ\u00e8s de la d\u00e9monstration de la s\u00e9rie Avanda au P\u00e9rou\" class=\"post-title\">Succ\u00e8s de la d\u00e9monstration de la s\u00e9rie Avanda au P\u00e9rou<\/a><\/h5><div class=\"entry-meta\"><span class=\"meta-item category-link\"><a href=\"https:\/\/audiocenter.com\/fr\/category\/non-classifiee\/\" rel=\"tag\">Non classifi\u00e9(e)<\/a><\/span><span class=\"meta-item data-link\"><time class=\"entry-date updated\" datetime=\"2026-04-01T17:12:18+08:00\">2026-04-01<\/time><\/span><\/div><p class=\"short-description\">Nous sommes fiers d&#8217;annoncer la conclusion r\u00e9ussie de la d\u00e9monstration en direct de la s\u00e9rie Avanda \u00e0 El Huaralino Internacional, au P\u00e9rou. Nous remercions sinc\u00e8rement tous les professionnels et partenaires qui, par leur pr\u00e9sence, ont fait de cet \u00e9v\u00e9nement un succ\u00e8s retentissant pour l&#8217;industrie audio au P\u00e9rou. Nous remercions tout particuli\u00e8rement Jorge Auriel Nu\u00f1ez, ing\u00e9nieur&hellip;<\/p><a href=\"https:\/\/audiocenter.com\/fr\/succes-de-la-demonstration-de-la-serie-avanda-au-perou\/\" target=\"\" aria-label=\"En savoir plus sur Succ\u00e8s de la d\u00e9monstration de la s\u00e9rie Avanda au P\u00e9rou\" class=\"box-button elementor-button elementor-size-sm\">Read article<\/a>\t\t\t\t\t\t\t\t<\/div>\n\t\t\t\t\t\t\t<\/div>\n\t\t\t\t\t\t<\/article>\n\t\t\t\t\t<\/div>\t\t\t\t\t\t\t\t\t\t<div class=\"wf-cell visible \">\n\t\t\t\t\t\t<article class=\"post visible wrapper no-img post-49180 type-post status-publish format-standard hentry category-non-classifiee category-241 description-off\">\n\n\t\t\t\t\t\t\t<div class=\"post-content-wrapper\">\n\t\t\t\t\t\t\t\t\t\t\t\t\t\t\t\t<div class=\"post-entry-content\">\n\t\t\t\t\t\t\t\t\t<h5 class=\"heading\"><a href=\"https:\/\/audiocenter.com\/fr\/presentation-de-la-derniere-experience-audiocenter-a-quito-equateur\/\" rel=\"bookmark\" title=\"\u00a1Pr\u00e9sentation de la derni\u00e8re exp\u00e9rience Audiocenter \u00e0 Quito, \u00c9quateur !\" class=\"post-title\">\u00a1Pr\u00e9sentation de la derni\u00e8re exp\u00e9rience Audiocenter \u00e0 Quito, \u00c9quateur !<\/a><\/h5><div class=\"entry-meta\"><span class=\"meta-item category-link\"><a href=\"https:\/\/audiocenter.com\/fr\/category\/non-classifiee\/\" rel=\"tag\">Non classifi\u00e9(e)<\/a><\/span><span class=\"meta-item data-link\"><time class=\"entry-date updated\" datetime=\"2026-03-23T17:15:29+08:00\">2026-03-23<\/time><\/span><\/div><p class=\"short-description\">Nous tenons \u00e0 remercier EckoMusic d&#8217;avoir organis\u00e9 l&#8217;Audiocenter Experience \u00e0 Quito, en \u00c9quateur, le mardi 17 mars dernier. Organis\u00e9 au Centro de Exposiciones Quito (Av. Amazonas et Atahualpa) \u00e0 partir de 15h00, l&#8217;\u00e9v\u00e9nement a servi de premi\u00e8re vitrine pour les syst\u00e8mes audio professionnels et la technologie de haut niveau, offrant un regard exclusif sur les&hellip;<\/p><a href=\"https:\/\/audiocenter.com\/fr\/presentation-de-la-derniere-experience-audiocenter-a-quito-equateur\/\" target=\"\" aria-label=\"En savoir plus sur \u00a1Pr\u00e9sentation de la derni\u00e8re exp\u00e9rience Audiocenter \u00e0 Quito, \u00c9quateur !\" class=\"box-button elementor-button elementor-size-sm\">Read article<\/a>\t\t\t\t\t\t\t\t<\/div>\n\t\t\t\t\t\t\t<\/div>\n\t\t\t\t\t\t<\/article>\n\t\t\t\t\t<\/div>\t\t\t\t\t\t\t\t\t\t<div class=\"wf-cell visible \">\n\t\t\t\t\t\t<article class=\"post visible wrapper post-48745 type-post status-publish format-standard has-post-thumbnail hentry category-non-classifiee category-241 description-off\">\n\n\t\t\t\t\t\t\t<div class=\"post-content-wrapper\">\n\t\t\t\t\t\t\t\t\t\t\t\t\t\t\t\t\t<div class=\"the7-simple-post-thumb\">\n\t\t\t\t\t\t\t\t\t\t<a class=\"post-thumbnail-rollover layzr-bg img-css-resize-wrapper\" aria-label=\"Image article\" href=\"https:\/\/audiocenter.com\/fr\/integration-technique-de-lavanda-210a-daudiocenter-au-stade-principe-felipe-en-espagne\/\"><img fetchpriority=\"high\" decoding=\"async\" width=\"1740\" height=\"1160\" src=\"data:image\/svg+xml,%3Csvg%20xmlns%3D&#039;http%3A%2F%2Fwww.w3.org%2F2000%2Fsvg&#039;%20viewBox%3D&#039;0%200%201740%201160&#039;%2F%3E\" class=\"attachment-full size-full preload-me aspect lazy lazy-load\" alt=\"\" sizes=\"(max-width: 1740px) 100vw, 1740px\" style=\"--ratio: 1740 \/ 1160;\" data-src=\"https:\/\/audiocenter.com\/wp-content\/uploads\/2026\/03\/\u5fae\u4fe1\u56fe\u7247_20260228003200_1334_151.jpg\" loading=\"eager\" data-srcset=\"https:\/\/audiocenter.com\/wp-content\/uploads\/2026\/03\/\u5fae\u4fe1\u56fe\u7247_20260228003200_1334_151.jpg 1740w, https:\/\/audiocenter.com\/wp-content\/uploads\/2026\/03\/\u5fae\u4fe1\u56fe\u7247_20260228003200_1334_151-300x200.jpg 300w, https:\/\/audiocenter.com\/wp-content\/uploads\/2026\/03\/\u5fae\u4fe1\u56fe\u7247_20260228003200_1334_151-1024x683.jpg 1024w, https:\/\/audiocenter.com\/wp-content\/uploads\/2026\/03\/\u5fae\u4fe1\u56fe\u7247_20260228003200_1334_151-768x512.jpg 768w, https:\/\/audiocenter.com\/wp-content\/uploads\/2026\/03\/\u5fae\u4fe1\u56fe\u7247_20260228003200_1334_151-1536x1024.jpg 1536w, https:\/\/audiocenter.com\/wp-content\/uploads\/2026\/03\/\u5fae\u4fe1\u56fe\u7247_20260228003200_1334_151-1000x667.jpg 1000w\" \/><span class=\"the7-hover-icon\"><\/span><\/a>\t\t\t\t\t\t\t\t\t<\/div>\n\t\t\t\t\t\t\t\t\t\t\t\t\t\t\t\t<div class=\"post-entry-content\">\n\t\t\t\t\t\t\t\t\t<h5 class=\"heading\"><a href=\"https:\/\/audiocenter.com\/fr\/integration-technique-de-lavanda-210a-daudiocenter-au-stade-principe-felipe-en-espagne\/\" rel=\"bookmark\" title=\"Int\u00e9gration technique de l&#8217;AVANDA 210A d&#8217;Audiocenter au stade Pr\u00edncipe Felipe en Espagne\" class=\"post-title\">Int\u00e9gration technique de l&#8217;AVANDA 210A d&#8217;Audiocenter au stade Pr\u00edncipe Felipe en Espagne<\/a><\/h5><div class=\"entry-meta\"><span class=\"meta-item category-link\"><a href=\"https:\/\/audiocenter.com\/fr\/category\/non-classifiee\/\" rel=\"tag\">Non classifi\u00e9(e)<\/a><\/span><span class=\"meta-item data-link\"><time class=\"entry-date updated\" datetime=\"2026-03-04T09:07:05+08:00\">2026-03-04<\/time><\/span><\/div><p class=\"short-description\">Le Pabell\u00f3n Pr\u00edncipe Felipe de Saragosse, en Espagne, une salle de premier plan d&#8217;une capacit\u00e9 de 11 000 places, a officiellement mis \u00e0 niveau son infrastructure sonore. Dans le cadre d&#8217;une collaboration strat\u00e9gique entre Audiocenter et ProElectrosonic, un d\u00e9ploiement massif de 70 unit\u00e9s line array actives AVANDA 210A \u00e9quipe d\u00e9sormais cette ar\u00e8ne embl\u00e9matique. Qu&#8217;il s&#8217;agisse&hellip;<\/p><a href=\"https:\/\/audiocenter.com\/fr\/integration-technique-de-lavanda-210a-daudiocenter-au-stade-principe-felipe-en-espagne\/\" target=\"\" aria-label=\"En savoir plus sur Int\u00e9gration technique de l&#8217;AVANDA 210A d&#8217;Audiocenter au stade Pr\u00edncipe Felipe en Espagne\" class=\"box-button elementor-button elementor-size-sm\">Read article<\/a>\t\t\t\t\t\t\t\t<\/div>\n\t\t\t\t\t\t\t<\/div>\n\t\t\t\t\t\t<\/article>\n\t\t\t\t\t<\/div>\t\t\t\t\t\t\t\t\t\t<div class=\"wf-cell visible \">\n\t\t\t\t\t\t<article class=\"post visible wrapper no-img post-48746 type-post status-publish format-standard hentry category-non-classifiee category-241 description-off\">\n\n\t\t\t\t\t\t\t<div class=\"post-content-wrapper\">\n\t\t\t\t\t\t\t\t\t\t\t\t\t\t\t\t<div class=\"post-entry-content\">\n\t\t\t\t\t\t\t\t\t<h5 class=\"heading\"><a href=\"https:\/\/audiocenter.com\/fr\/merci-pour-ce-formidable-ise-2026\/\" rel=\"bookmark\" title=\"Merci pour ce formidable ISE 2026 !\" class=\"post-title\">Merci pour ce formidable ISE 2026 !<\/a><\/h5><div class=\"entry-meta\"><span class=\"meta-item category-link\"><a href=\"https:\/\/audiocenter.com\/fr\/category\/non-classifiee\/\" rel=\"tag\">Non classifi\u00e9(e)<\/a><\/span><span class=\"meta-item data-link\"><time class=\"entry-date updated\" datetime=\"2026-02-10T14:51:11+08:00\">2026-02-10<\/time><\/span><\/div><p class=\"short-description\">Apr\u00e8s plusieurs journ\u00e9es passionnantes au salon Integrated Systems Europe 2026, nous tenons \u00e0 remercier sinc\u00e8rement tous ceux qui ont visit\u00e9 Audiocenter aux stands 7H100 et 7H200. Ce fut un plaisir de rencontrer autant de professionnels de l&#8217;industrie, de partenaires et d&#8217;amis, et de partager avec vous nos derni\u00e8res innovations en mati\u00e8re d&#8217;audio professionnel. Votre int\u00e9r\u00eat,&hellip;<\/p><a href=\"https:\/\/audiocenter.com\/fr\/merci-pour-ce-formidable-ise-2026\/\" target=\"\" aria-label=\"En savoir plus sur Merci pour ce formidable ISE 2026 !\" class=\"box-button elementor-button elementor-size-sm\">Read article<\/a>\t\t\t\t\t\t\t\t<\/div>\n\t\t\t\t\t\t\t<\/div>\n\t\t\t\t\t\t<\/article>\n\t\t\t\t\t<\/div>\t\t\t\t\t\t\t\t\t\t<div class=\"wf-cell visible \">\n\t\t\t\t\t\t<article class=\"post visible wrapper post-47972 type-post status-publish format-standard has-post-thumbnail hentry category-non-classifiee category-241 description-off\">\n\n\t\t\t\t\t\t\t<div class=\"post-content-wrapper\">\n\t\t\t\t\t\t\t\t\t\t\t\t\t\t\t\t\t<div class=\"the7-simple-post-thumb\">\n\t\t\t\t\t\t\t\t\t\t<a class=\"post-thumbnail-rollover layzr-bg img-css-resize-wrapper\" aria-label=\"Image article\" href=\"https:\/\/audiocenter.com\/fr\/nous-avons-officiellement-commence-lise_show-2026\/\"><img decoding=\"async\" width=\"1740\" height=\"1160\" src=\"data:image\/svg+xml,%3Csvg%20xmlns%3D&#039;http%3A%2F%2Fwww.w3.org%2F2000%2Fsvg&#039;%20viewBox%3D&#039;0%200%201740%201160&#039;%2F%3E\" class=\"attachment-full size-full preload-me aspect lazy lazy-load\" alt=\"\" sizes=\"(max-width: 1740px) 100vw, 1740px\" style=\"--ratio: 1740 \/ 1160;\" data-src=\"https:\/\/audiocenter.com\/wp-content\/uploads\/2026\/02\/Copia-de-Audiocenter-demo-jaen-1.jpg\" loading=\"eager\" data-srcset=\"https:\/\/audiocenter.com\/wp-content\/uploads\/2026\/02\/Copia-de-Audiocenter-demo-jaen-1.jpg 1740w, https:\/\/audiocenter.com\/wp-content\/uploads\/2026\/02\/Copia-de-Audiocenter-demo-jaen-1-300x200.jpg 300w, https:\/\/audiocenter.com\/wp-content\/uploads\/2026\/02\/Copia-de-Audiocenter-demo-jaen-1-1024x683.jpg 1024w, https:\/\/audiocenter.com\/wp-content\/uploads\/2026\/02\/Copia-de-Audiocenter-demo-jaen-1-768x512.jpg 768w, https:\/\/audiocenter.com\/wp-content\/uploads\/2026\/02\/Copia-de-Audiocenter-demo-jaen-1-1536x1024.jpg 1536w, https:\/\/audiocenter.com\/wp-content\/uploads\/2026\/02\/Copia-de-Audiocenter-demo-jaen-1-1000x667.jpg 1000w\" \/><span class=\"the7-hover-icon\"><\/span><\/a>\t\t\t\t\t\t\t\t\t<\/div>\n\t\t\t\t\t\t\t\t\t\t\t\t\t\t\t\t<div class=\"post-entry-content\">\n\t\t\t\t\t\t\t\t\t<h5 class=\"heading\"><a href=\"https:\/\/audiocenter.com\/fr\/nous-avons-officiellement-commence-lise_show-2026\/\" rel=\"bookmark\" title=\"Nous avons officiellement commenc\u00e9 l&#8217;ise_show 2026 !\" class=\"post-title\">Nous avons officiellement commenc\u00e9 l&#8217;ise_show 2026 !<\/a><\/h5><div class=\"entry-meta\"><span class=\"meta-item category-link\"><a href=\"https:\/\/audiocenter.com\/fr\/category\/non-classifiee\/\" rel=\"tag\">Non classifi\u00e9(e)<\/a><\/span><span class=\"meta-item data-link\"><time class=\"entry-date updated\" datetime=\"2026-02-05T15:31:44+08:00\">2026-02-05<\/time><\/span><\/div><p class=\"short-description\">Audiocenter est d\u00e9sormais pr\u00e9sent au salon Integrated Systems Europe 2026, qui se tient du 3 au 6 f\u00e9vrier \u00e0 la Fira de Barcelona &#8211; Gran Via. Nous accueillons d\u00e9j\u00e0 les visiteurs sur les stands 7H100 et 7H200, o\u00f9 nous pr\u00e9sentons nos derni\u00e8res innovations audio professionnelles et dialoguons avec les professionnels de l&#8217;industrie. N&#8217;oubliez pas de&hellip;<\/p><a href=\"https:\/\/audiocenter.com\/fr\/nous-avons-officiellement-commence-lise_show-2026\/\" target=\"\" aria-label=\"En savoir plus sur Nous avons officiellement commenc\u00e9 l&#8217;ise_show 2026 !\" class=\"box-button elementor-button elementor-size-sm\">Read article<\/a>\t\t\t\t\t\t\t\t<\/div>\n\t\t\t\t\t\t\t<\/div>\n\t\t\t\t\t\t<\/article>\n\t\t\t\t\t<\/div>\t\t\t\t\t\t\t\t\t\t<div class=\"wf-cell visible \">\n\t\t\t\t\t\t<article class=\"post visible wrapper post-42667 type-post status-publish format-standard has-post-thumbnail hentry category-non-classifiee category-241 description-off\">\n\n\t\t\t\t\t\t\t<div class=\"post-content-wrapper\">\n\t\t\t\t\t\t\t\t\t\t\t\t\t\t\t\t\t<div class=\"the7-simple-post-thumb\">\n\t\t\t\t\t\t\t\t\t\t<a class=\"post-thumbnail-rollover layzr-bg img-css-resize-wrapper\" aria-label=\"Image article\" href=\"https:\/\/audiocenter.com\/fr\/annonce-de-la-mise-a-jour-du-domaine-du-site-officiel-daudiocenter\/\"><img decoding=\"async\" width=\"1080\" height=\"1080\" src=\"data:image\/svg+xml,%3Csvg%20xmlns%3D&#039;http%3A%2F%2Fwww.w3.org%2F2000%2Fsvg&#039;%20viewBox%3D&#039;0%200%201080%201080&#039;%2F%3E\" class=\"attachment-full size-full preload-me aspect lazy lazy-load\" alt=\"\" sizes=\"(max-width: 1080px) 100vw, 1080px\" style=\"--ratio: 1080 \/ 1080;\" data-src=\"https:\/\/audiocenter.com\/wp-content\/uploads\/2024\/12\/\u5fae\u4fe1\u56fe\u7247_20241226092541.png\" loading=\"eager\" data-srcset=\"https:\/\/audiocenter.com\/wp-content\/uploads\/2024\/12\/\u5fae\u4fe1\u56fe\u7247_20241226092541.png 1080w, https:\/\/audiocenter.com\/wp-content\/uploads\/2024\/12\/\u5fae\u4fe1\u56fe\u7247_20241226092541-300x300.png 300w, https:\/\/audiocenter.com\/wp-content\/uploads\/2024\/12\/\u5fae\u4fe1\u56fe\u7247_20241226092541-1024x1024.png 1024w, https:\/\/audiocenter.com\/wp-content\/uploads\/2024\/12\/\u5fae\u4fe1\u56fe\u7247_20241226092541-150x150.png 150w, https:\/\/audiocenter.com\/wp-content\/uploads\/2024\/12\/\u5fae\u4fe1\u56fe\u7247_20241226092541-768x768.png 768w, https:\/\/audiocenter.com\/wp-content\/uploads\/2024\/12\/\u5fae\u4fe1\u56fe\u7247_20241226092541-1000x1000.png 1000w, https:\/\/audiocenter.com\/wp-content\/uploads\/2024\/12\/\u5fae\u4fe1\u56fe\u7247_20241226092541-200x200.png 200w\" \/><span class=\"the7-hover-icon\"><\/span><\/a>\t\t\t\t\t\t\t\t\t<\/div>\n\t\t\t\t\t\t\t\t\t\t\t\t\t\t\t\t<div class=\"post-entry-content\">\n\t\t\t\t\t\t\t\t\t<h5 class=\"heading\"><a href=\"https:\/\/audiocenter.com\/fr\/annonce-de-la-mise-a-jour-du-domaine-du-site-officiel-daudiocenter\/\" rel=\"bookmark\" title=\"Annonce de la mise \u00e0 jour du domaine du site officiel d&#8217;AUDIOCENTER\" class=\"post-title\">Annonce de la mise \u00e0 jour du domaine du site officiel d&#8217;AUDIOCENTER<\/a><\/h5><div class=\"entry-meta\"><span class=\"meta-item category-link\"><a href=\"https:\/\/audiocenter.com\/fr\/category\/non-classifiee\/\" rel=\"tag\">Non classifi\u00e9(e)<\/a><\/span><span class=\"meta-item data-link\"><time class=\"entry-date updated\" datetime=\"2024-12-26T09:57:19+08:00\">2024-12-26<\/time><\/span><\/div><p class=\"short-description\">Chers clients et partenaires, Nous avons le plaisir de vous annoncer qu&#8217;\u00e0 partir de maintenant, le site web officiel d&#8217;AUDIOCENTER est officiellement lanc\u00e9 avec le domaine de premier niveau https:\/\/audiocenter.com\/. Nous vous recommandons de mettre \u00e0 jour l&#8217;URL dans vos signets et d&#8217;utiliser le nouveau domaine du site officiel lors de vos prochaines visites. La&hellip;<\/p><a href=\"https:\/\/audiocenter.com\/fr\/annonce-de-la-mise-a-jour-du-domaine-du-site-officiel-daudiocenter\/\" target=\"\" aria-label=\"En savoir plus sur Annonce de la mise \u00e0 jour du domaine du site officiel d&#8217;AUDIOCENTER\" class=\"box-button elementor-button elementor-size-sm\">Read article<\/a>\t\t\t\t\t\t\t\t<\/div>\n\t\t\t\t\t\t\t<\/div>\n\t\t\t\t\t\t<\/article>\n\t\t\t\t\t<\/div>\t\t\t\t\t\t\t\t<\/div>\n\t\t<div class=\"paginator filter-decorations filter-pointer-overline filter-animation-fade\" role=\"navigation\"><a href=\"https:\/\/audiocenter.com\/fr\/wp-json\/wp\/v2\/pages\/25150\/\" class=\"page-numbers filter-item act\" data-page-num=\"1\">1<\/a><a href=\"https:\/\/audiocenter.com\/fr\/wp-json\/wp\/v2\/pages\/25150\/page\/2\/\" class=\"page-numbers filter-item \" data-page-num=\"2\">2<\/a><a href=\"https:\/\/audiocenter.com\/fr\/wp-json\/wp\/v2\/pages\/25150\/page\/3\/\" class=\"page-numbers filter-item \" data-page-num=\"3\">3<\/a><a href=\"https:\/\/audiocenter.com\/fr\/wp-json\/wp\/v2\/pages\/25150\/page\/4\/\" class=\"page-numbers filter-item \" data-page-num=\"4\">4<\/a><a href=\"https:\/\/audiocenter.com\/fr\/wp-json\/wp\/v2\/pages\/25150\/page\/5\/\" class=\"page-numbers filter-item \" data-page-num=\"5\">5<\/a><a href=\"javascript:void(0);\" class=\"dots\">&#8230;<\/a><div style=\"display: none;\"><a href=\"https:\/\/audiocenter.com\/fr\/wp-json\/wp\/v2\/pages\/25150\/page\/6\/\" class=\"page-numbers filter-item \" data-page-num=\"6\">6<\/a><\/div><a href=\"https:\/\/audiocenter.com\/fr\/wp-json\/wp\/v2\/pages\/25150\/page\/7\/\" class=\"page-numbers filter-item \" data-page-num=\"7\">7<\/a><a href=\"https:\/\/audiocenter.com\/fr\/wp-json\/wp\/v2\/pages\/25150\/page\/2\/\" class=\"page-numbers nav-next filter-item\" data-page-num=\"2\">\u2192<\/a><\/div><\/div>\t\t<\/div>\n\t\t\t\t<\/div>\n\t\t\t\t\t<\/div>\n\t\t<\/div>\n\t\t\t\t\t<\/div>\n\t\t<\/section>\n\t\t\t\t<\/div>\n\t\t","protected":false},"excerpt":{"rendered":"<p>Chers clients et partenaires, Nous avons le plaisir de vous annoncer qu&#8217;\u00e0 partir de maintenant, le site web officiel d&#8217;AUDIOCENTER est officiellement lanc\u00e9 avec le domaine de premier niveau https:\/\/audiocenter.com\/. Nous vous recommandons de mettre \u00e0 jour l&#8217;URL dans vos signets et d&#8217;utiliser le nouveau domaine du site officiel lors de vos prochaines visites. La&hellip;<\/p>\n","protected":false},"author":1,"featured_media":0,"parent":0,"menu_order":10,"comment_status":"closed","ping_status":"closed","template":"","meta":{"footnotes":""},"class_list":["post-25150","page","type-page","status-publish","hentry","category-241","description-off"],"_links":{"self":[{"href":"https:\/\/audiocenter.com\/fr\/wp-json\/wp\/v2\/pages\/25150","targetHints":{"allow":["GET"]}}],"collection":[{"href":"https:\/\/audiocenter.com\/fr\/wp-json\/wp\/v2\/pages"}],"about":[{"href":"https:\/\/audiocenter.com\/fr\/wp-json\/wp\/v2\/types\/page"}],"author":[{"embeddable":true,"href":"https:\/\/audiocenter.com\/fr\/wp-json\/wp\/v2\/users\/1"}],"replies":[{"embeddable":true,"href":"https:\/\/audiocenter.com\/fr\/wp-json\/wp\/v2\/comments?post=25150"}],"version-history":[{"count":0,"href":"https:\/\/audiocenter.com\/fr\/wp-json\/wp\/v2\/pages\/25150\/revisions"}],"wp:attachment":[{"href":"https:\/\/audiocenter.com\/fr\/wp-json\/wp\/v2\/media?parent=25150"}],"curies":[{"name":"wp","href":"https:\/\/api.w.org\/{rel}","templated":true}]}}