{"id":26965,"date":"2023-06-26T02:37:59","date_gmt":"2023-06-25T18:37:59","guid":{"rendered":"http:\/\/audiocenter.cc\/fichiers-cao\/"},"modified":"2026-04-29T16:58:35","modified_gmt":"2026-04-29T08:58:35","slug":"fichiers-cao","status":"publish","type":"page","link":"https:\/\/audiocenter.com\/fr\/fichiers-cao\/","title":{"rendered":"Fichiers CAO"},"content":{"rendered":"\t\t<div data-elementor-type=\"wp-page\" data-elementor-id=\"26965\" class=\"elementor elementor-26965 elementor-13660\" data-elementor-post-type=\"page\">\n\t\t\t\t\t\t<section class=\"elementor-section elementor-top-section elementor-element elementor-element-c714208 elementor-section-height-min-height elementor-section-boxed elementor-section-height-default elementor-section-items-middle\" data-id=\"c714208\" data-element_type=\"section\" data-settings=\"{&quot;background_background&quot;:&quot;classic&quot;}\">\n\t\t\t\t\t\t\t<div class=\"elementor-background-overlay\"><\/div>\n\t\t\t\t\t\t\t<div class=\"elementor-container elementor-column-gap-default\">\n\t\t\t\t\t<div class=\"elementor-column elementor-col-100 elementor-top-column elementor-element elementor-element-00d5b04\" data-id=\"00d5b04\" data-element_type=\"column\">\n\t\t\t<div class=\"elementor-widget-wrap elementor-element-populated\">\n\t\t\t\t\t\t<div class=\"elementor-element elementor-element-11cd1ba elementor-widget elementor-widget-heading\" data-id=\"11cd1ba\" data-element_type=\"widget\" data-widget_type=\"heading.default\">\n\t\t\t\t<div class=\"elementor-widget-container\">\n\t\t\t<h1 class=\"elementor-heading-title elementor-size-default\">Fichiers CAO<\/h1>\t\t<\/div>\n\t\t\t\t<\/div>\n\t\t\t\t<div class=\"elementor-element elementor-element-1eef441 elementor-widget elementor-widget-spacer\" data-id=\"1eef441\" data-element_type=\"widget\" data-widget_type=\"spacer.default\">\n\t\t\t\t<div class=\"elementor-widget-container\">\n\t\t\t\t\t<div class=\"elementor-spacer\">\n\t\t\t<div class=\"elementor-spacer-inner\"><\/div>\n\t\t<\/div>\n\t\t\t\t<\/div>\n\t\t\t\t<\/div>\n\t\t\t\t<div class=\"elementor-element elementor-element-082cf60 elementor-widget elementor-widget-heading\" data-id=\"082cf60\" data-element_type=\"widget\" data-widget_type=\"heading.default\">\n\t\t\t\t<div class=\"elementor-widget-container\">\n\t\t\t<h3 class=\"elementor-heading-title elementor-size-default\">Ressources utiles<\/h3>\t\t<\/div>\n\t\t\t\t<\/div>\n\t\t\t\t\t<\/div>\n\t\t<\/div>\n\t\t\t\t\t<\/div>\n\t\t<\/section>\n\t\t\t\t<section class=\"elementor-section elementor-top-section elementor-element elementor-element-9b1a76d elementor-section-boxed elementor-section-height-default elementor-section-height-default\" data-id=\"9b1a76d\" data-element_type=\"section\">\n\t\t\t\t\t\t<div class=\"elementor-container elementor-column-gap-default\">\n\t\t\t\t\t<div class=\"elementor-column elementor-col-100 elementor-top-column elementor-element elementor-element-d79714d\" data-id=\"d79714d\" data-element_type=\"column\">\n\t\t\t<div class=\"elementor-widget-wrap elementor-element-populated\">\n\t\t\t\t\t\t<div class=\"elementor-element elementor-element-f0bb5d7 elementor-widget elementor-widget-text-editor\" data-id=\"f0bb5d7\" data-element_type=\"widget\" data-widget_type=\"text-editor.default\">\n\t\t\t\t<div class=\"elementor-widget-container\">\n\t\t\t\t\t\t\t<p>Nous attendons avec impatience les mises \u00e0 jour.<\/p>\n\t\t\t\t\t\t<\/div>\n\t\t\t\t<\/div>\n\t\t\t\t\t<\/div>\n\t\t<\/div>\n\t\t\t\t\t<\/div>\n\t\t<\/section>\n\t\t\t\t<section class=\"elementor-section elementor-top-section elementor-element elementor-element-25220ae elementor-section-boxed elementor-section-height-default elementor-section-height-default\" data-id=\"25220ae\" data-element_type=\"section\">\n\t\t\t\t\t\t<div class=\"elementor-container elementor-column-gap-default\">\n\t\t\t\t\t<div class=\"elementor-column elementor-col-100 elementor-top-column elementor-element elementor-element-4995341\" data-id=\"4995341\" data-element_type=\"column\">\n\t\t\t<div class=\"elementor-widget-wrap elementor-element-populated\">\n\t\t\t\t\t\t<div class=\"elementor-element elementor-element-be4033a elementor-tabs-view-horizontal elementor-widget elementor-widget-tabs\" data-id=\"be4033a\" data-element_type=\"widget\" data-widget_type=\"tabs.default\">\n\t\t\t\t<div class=\"elementor-widget-container\">\n\t\t\t\t\t<div class=\"elementor-tabs\">\n\t\t\t<div class=\"elementor-tabs-wrapper\" role=\"tablist\" >\n\t\t\t\t\t\t\t\t\t<div id=\"elementor-tab-title-1991\" class=\"elementor-tab-title elementor-tab-desktop-title\" aria-selected=\"true\" data-tab=\"1\" role=\"tab\" tabindex=\"0\" aria-controls=\"elementor-tab-content-1991\" aria-expanded=\"false\">R\u00e9seau de lignes<\/div>\n\t\t\t\t\t\t\t\t\t<div id=\"elementor-tab-title-1992\" class=\"elementor-tab-title elementor-tab-desktop-title\" aria-selected=\"false\" data-tab=\"2\" role=\"tab\" tabindex=\"-1\" aria-controls=\"elementor-tab-content-1992\" aria-expanded=\"false\">Conf\u00e9rencier<\/div>\n\t\t\t\t\t\t\t\t\t<div id=\"elementor-tab-title-1993\" class=\"elementor-tab-title elementor-tab-desktop-title\" aria-selected=\"false\" data-tab=\"3\" role=\"tab\" tabindex=\"-1\" aria-controls=\"elementor-tab-content-1993\" aria-expanded=\"false\">Source ponctuelle<\/div>\n\t\t\t\t\t\t\t\t\t<div id=\"elementor-tab-title-1994\" class=\"elementor-tab-title elementor-tab-desktop-title\" aria-selected=\"false\" data-tab=\"4\" role=\"tab\" tabindex=\"-1\" aria-controls=\"elementor-tab-content-1994\" aria-expanded=\"false\">Moniteur \u00e0 coin<\/div>\n\t\t\t\t\t\t\t\t\t<div id=\"elementor-tab-title-1995\" class=\"elementor-tab-title elementor-tab-desktop-title\" aria-selected=\"false\" data-tab=\"5\" role=\"tab\" tabindex=\"-1\" aria-controls=\"elementor-tab-content-1995\" aria-expanded=\"false\">Caisson de basse<\/div>\n\t\t\t\t\t\t\t\t\t<div id=\"elementor-tab-title-1996\" class=\"elementor-tab-title elementor-tab-desktop-title\" aria-selected=\"false\" data-tab=\"6\" role=\"tab\" tabindex=\"-1\" aria-controls=\"elementor-tab-content-1996\" aria-expanded=\"false\">Accessoires <\/div>\n\t\t\t\t\t\t\t<\/div>\n\t\t\t<div class=\"elementor-tabs-content-wrapper\" role=\"tablist\" aria-orientation=\"vertical\">\n\t\t\t\t\t\t\t\t\t<div class=\"elementor-tab-title elementor-tab-mobile-title\" aria-selected=\"true\" data-tab=\"1\" role=\"tab\" tabindex=\"0\" aria-controls=\"elementor-tab-content-1991\" aria-expanded=\"false\">R\u00e9seau de lignes<\/div>\n\t\t\t\t\t<div id=\"elementor-tab-content-1991\" class=\"elementor-tab-content elementor-clearfix\" data-tab=\"1\" role=\"tabpanel\" aria-labelledby=\"elementor-tab-title-1991\" tabindex=\"0\" hidden=\"false\"><table width=\"650\">\n<tbody>\n<tr>\n<td width=\"340\">\n<p><strong>Haut-parleur actif<\/strong><\/p>\n<\/td>\n<td width=\"304\">\n<p><strong>Haut-parleur passif<\/strong><\/p>\n<\/td>\n<\/tr>\n<tr>\n<td width=\"340\">\n<p><a href=\"https:\/\/audiocenter.com\/wp-content\/uploads\/2026\/04\/AVANDA212A-CAD-file.zip\">AVANDA 212A Fichiers CAD<\/a><\/p>\n<\/td>\n<td width=\"304\">\n<p><a href=\"https:\/\/audiocenter.com\/wp-content\/uploads\/2025\/12\/DSL45.zip\">Fichiers CAO DSL45<\/a><\/p>\n<\/td>\n<\/tr>\n<tr>\n<td width=\"340\">\n<p><a href=\"https:\/\/audiocenter.com\/wp-content\/uploads\/2026\/04\/AVANDA210A-CAD-file.zip\">AVANDA 210A Fichiers CAD<\/a><\/p>\n<\/td>\n<td width=\"304\">\n<p><a href=\"https:\/\/audiocenter.com\/wp-content\/uploads\/2026\/01\/Artist-T8-CAD-file.zip\">Fichiers CAD de l&#8217;artiste T8<\/a><\/p>\n<\/td>\n<\/tr>\n<tr>\n<td width=\"340\">\n<p><a href=\"https:\/\/audiocenter.com\/wp-content\/uploads\/2026\/04\/AVANDA28A-CAD-file.zip\">AVANDA 28A Fichiers CAD<\/a><\/p>\n<\/td>\n<td width=\"304\">\n<p>Fichiers CAD de l&#8217;artiste T4L<\/p>\n<\/td>\n<\/tr>\n<tr>\n<td width=\"340\">\n<p><a href=\"https:\/\/audiocenter.com\/wp-content\/uploads\/2026\/01\/ASTRA212A-CAD-file.zip\">Fichiers CAO ASTRA 212A<\/a><\/p>\n<\/td>\n<td width=\"304\">\n<p><a href=\"https:\/\/audiocenter.com\/wp-content\/uploads\/2026\/01\/Butterfly-4pro-CAD-file.zip\">Fichiers CAO de Butterfly 4pro<\/a><\/p>\n<\/td>\n<\/tr>\n<tr>\n<td width=\"340\">\n<p><a href=\"https:\/\/audiocenter.com\/wp-content\/uploads\/2026\/01\/ASTRA210A-CAD-file.zip\">Fichiers CAO ASTRA 210A<\/a><\/p>\n<\/td>\n<td width=\"304\">\n<p><a href=\"https:\/\/audiocenter.com\/wp-content\/uploads\/2026\/01\/Butterfly-4CA-CAD-file.zip\">Fichiers CAD Butterfly 4ca<\/a><\/p>\n<\/td>\n<\/tr>\n<tr>\n<td width=\"340\">\n<p><a href=\"https:\/\/audiocenter.com\/wp-content\/uploads\/2026\/01\/K-LA12A-CAD-file.zip\">Fichiers CAO du produit K-LA12A<\/a><\/p>\n<\/td>\n<td width=\"304\">\n<p><a href=\"https:\/\/audiocenter.com\/wp-content\/uploads\/2026\/01\/K-LA28-CAD-file.zip\">K-LA28 Fichiers CAD<\/a><\/p>\n<\/td>\n<\/tr>\n<tr>\n<td width=\"340\">\n<p><a href=\"https:\/\/audiocenter.com\/wp-content\/uploads\/2026\/01\/T45-DSP-CAD-file.zip\">T45-DSP Fichiers CAD<\/a><\/p>\n<\/td>\n<td width=\"304\">\n<p><a href=\"https:\/\/audiocenter.com\/wp-content\/uploads\/2026\/01\/K-LA210-CAD-file.zip\">K-LA210 Fichiers CAD<\/a><\/p>\n<\/td>\n<\/tr>\n<tr>\n<td width=\"340\">\n<p><a href=\"https:\/\/audiocenter.com\/wp-content\/uploads\/2026\/01\/K-LA212-DSP-CAD-file.zip\">K-LA212-DSP Fichiers CAD<\/a><\/p>\n<\/td>\n<td width=\"304\"> <\/td>\n<\/tr>\n<tr>\n<td width=\"340\">\n<p><a href=\"https:\/\/audiocenter.com\/wp-content\/uploads\/2026\/01\/K-LA210-DSP-CAD-file.zip\">K-LA210-DSP Fichiers CAD<\/a><\/p>\n<\/td>\n<td width=\"304\">\n<\/td>\n<\/tr>\n<tr>\n<td width=\"340\">\n<p><a href=\"https:\/\/audiocenter.com\/wp-content\/uploads\/2026\/01\/K-LA28-DSP-CAD-file.zip\">K-LA28-DSP Fichiers CAD<\/a><\/p>\n<\/td>\n<td width=\"304\">\n<\/td>\n<\/tr>\n<\/tbody>\n<\/table>\n<\/div>\n\t\t\t\t\t\t\t\t\t<div class=\"elementor-tab-title elementor-tab-mobile-title\" aria-selected=\"false\" data-tab=\"2\" role=\"tab\" tabindex=\"-1\" aria-controls=\"elementor-tab-content-1992\" aria-expanded=\"false\">Conf\u00e9rencier<\/div>\n\t\t\t\t\t<div id=\"elementor-tab-content-1992\" class=\"elementor-tab-content elementor-clearfix\" data-tab=\"2\" role=\"tabpanel\" aria-labelledby=\"elementor-tab-title-1992\" tabindex=\"0\" hidden=\"hidden\"><table width=\"650\">\n<tbody>\n<tr>\n<td width=\"340\">\n<p><strong>Haut-parleur actif<\/strong><\/p>\n<\/td>\n<td width=\"304\">\n<p><strong>Haut-parleur passif<\/strong><\/p>\n<\/td>\n<\/tr>\n<tr>\n<td width=\"340\">\n<p><a href=\"https:\/\/audiocenter.com\/wp-content\/uploads\/2026\/01\/L83-MK2L83S-MK2-CAD-file.zip\">L83 MK2 +L83S MK2 Active Column System Fichiers CAD<\/a><\/p>\n<\/td>\n<td width=\"304\">\n<p><a href=\"https:\/\/audiocenter.com\/wp-content\/uploads\/2026\/01\/Artist-T43-CAD-file.zip\">Fichiers CAD de l&#8217;artiste T43<\/a><\/p>\n<\/td>\n<\/tr>\n<tr>\n<td width=\"340\">\n<p><a href=\"https:\/\/audiocenter.com\/wp-content\/uploads\/2026\/01\/L65-MK2L65S-MK2-CAD-file.zip\">L65 MK2 +L65S MK2 Active Column System Fichiers CAD<\/a><\/p>\n<\/td>\n<td width=\"304\">\n<p><a href=\"https:\/\/audiocenter.com\/wp-content\/uploads\/2026\/01\/Artist-T83-CAD-file.zip\">Fichiers CAD de l&#8217;artiste T83<\/a><\/p>\n<\/td>\n<\/tr>\n<tr>\n<td width=\"340\"> <\/td>\n<td width=\"304\">\n<p><a href=\"https:\/\/audiocenter.com\/wp-content\/uploads\/2026\/01\/Artist-T65-CAD-file.zip\">Fichiers CAD de l&#8217;artiste T65<\/a><\/p>\n<\/td>\n<\/tr>\n<\/tbody>\n<\/table>\n<\/div>\n\t\t\t\t\t\t\t\t\t<div class=\"elementor-tab-title elementor-tab-mobile-title\" aria-selected=\"false\" data-tab=\"3\" role=\"tab\" tabindex=\"-1\" aria-controls=\"elementor-tab-content-1993\" aria-expanded=\"false\">Source ponctuelle<\/div>\n\t\t\t\t\t<div id=\"elementor-tab-content-1993\" class=\"elementor-tab-content elementor-clearfix\" data-tab=\"3\" role=\"tabpanel\" aria-labelledby=\"elementor-tab-title-1993\" tabindex=\"0\" hidden=\"hidden\"><table width=\"650\">\n<tbody>\n<tr>\n<td width=\"340\">\n<p><strong>Haut-parleur actif<\/strong><\/p>\n<\/td>\n<td width=\"304\">\n<p><strong>Haut-parleur passif<\/strong><\/p>\n<\/td>\n<\/tr>\n<tr>\n<td width=\"340\">\n<p><a href=\"https:\/\/audiocenter.com\/wp-content\/uploads\/2026\/01\/GT515A-CAD-file.zip\">GT515A Fichiers CAD<\/a><\/p>\n<\/td>\n<td width=\"304\">\n<p><a href=\"https:\/\/audiocenter.com\/wp-content\/uploads\/2025\/12\/DS06.zip\">Fichiers CAO DS06<\/a><\/p>\n<\/td>\n<\/tr>\n<tr>\n<td width=\"340\">\n<p><a href=\"https:\/\/audiocenter.com\/wp-content\/uploads\/2026\/01\/GT512A-CAD-file.zip\">GT512A Fichiers CAO<\/a><\/p>\n<\/td>\n<td width=\"304\">\n<p><a href=\"https:\/\/audiocenter.com\/wp-content\/uploads\/2025\/12\/DS26.zip\">Fichiers CAO DS26<\/a><\/p>\n<\/td>\n<\/tr>\n<tr>\n<td width=\"340\">\n<p><a href=\"https:\/\/audiocenter.com\/wp-content\/uploads\/2026\/01\/GT510A-CAD-file.zip\">GT510A Fichiers CAO<\/a><\/p>\n<\/td>\n<td width=\"304\">\n<p><a href=\"https:\/\/audiocenter.com\/wp-content\/uploads\/2025\/12\/DS08.zip\">Fichiers CAO DS08<\/a><\/p>\n<\/td>\n<\/tr>\n<tr>\n<td width=\"340\">\n<p><a href=\"https:\/\/audiocenter.com\/wp-content\/uploads\/2026\/01\/GT508A-CAD-file.zip\">GT508A Fichiers CAO<\/a><\/p>\n<\/td>\n<td width=\"304\">\n<p><a href=\"https:\/\/audiocenter.com\/wp-content\/uploads\/2025\/12\/DS10.zip\">Fichiers CAO DS10<\/a><\/p>\n<\/td>\n<\/tr>\n<tr>\n<td width=\"340\">\n<p><a href=\"\/wp-content\/uploads\/2023\/09\/EA515.zip\">EA515 Fichiers CAD<\/a><\/p>\n<\/td>\n<td width=\"304\">\n<p><a href=\"https:\/\/audiocenter.com\/wp-content\/uploads\/2025\/12\/DS12.zip\">Fichiers CAO DS12<\/a><\/p>\n<\/td>\n<\/tr>\n<tr>\n<td width=\"340\">\n<p><a href=\"\/wp-content\/uploads\/2023\/09\/EA512.zip\">EA512 Fichiers CAO<\/a><\/p>\n<\/td>\n<td width=\"304\">\n<p><a href=\"https:\/\/audiocenter.com\/wp-content\/uploads\/2025\/12\/DS15.zip\">Fichiers CAO DS15<\/a><\/p>\n<\/td>\n<\/tr>\n<tr>\n<td width=\"340\">\n<p><a href=\"https:\/\/audiocenter.com\/wp-content\/uploads\/2026\/01\/SA315-CAD-file.zip\">Fichiers CAO SA315<\/a><\/p>\n<\/td>\n<td width=\"304\">\n<p><a href=\"https:\/\/audiocenter.com\/wp-content\/uploads\/2026\/01\/Artist-T4-CAD-file.zip\">Fichiers CAD de l&#8217;artiste T4<\/a><\/p>\n<\/td>\n<\/tr>\n<tr>\n<td width=\"340\">\n<p><a href=\"https:\/\/audiocenter.com\/wp-content\/uploads\/2026\/01\/SA312-CAD-file.zip\">Fichiers CAO SA312<\/a><\/p>\n<\/td>\n<td width=\"304\">\n<p><a href=\"https:\/\/audiocenter.com\/wp-content\/uploads\/2026\/01\/Artist-T3-CAD-file.zip\">Fichiers CAD de l&#8217;artiste T3<\/a><\/p>\n<\/td>\n<\/tr>\n<tr>\n<td width=\"340\">\n<p><a href=\"https:\/\/audiocenter.com\/wp-content\/uploads\/2026\/01\/SA310-CAD-file.zip\">Fichiers CAO SA310<\/a><\/p>\n<\/td>\n<td width=\"304\">\n<p><a href=\"https:\/\/audiocenter.com\/wp-content\/uploads\/2026\/01\/GT515P-CAD-file.zip\">GT515P Fichiers CAO<\/a><\/p>\n<\/td>\n<\/tr>\n<tr>\n<td width=\"340\">\n<p><a href=\"\/wp-content\/uploads\/2023\/09\/SA315.zip\">SA315 Fichiers CAD<\/a><\/p>\n<\/td>\n<td width=\"304\">\n<p><a href=\"https:\/\/audiocenter.com\/wp-content\/uploads\/2026\/01\/GT512P-CAD-file.zip\">GT512P Fichiers CAO<\/a><\/p>\n<\/td>\n<\/tr>\n<tr>\n<td width=\"340\">\n<p><a href=\"\/wp-content\/uploads\/2023\/09\/SA312.zip\">SA312 Fichiers CAD<\/a><\/p>\n<\/td>\n<td width=\"304\">\n<p><a href=\"https:\/\/audiocenter.com\/wp-content\/uploads\/2026\/01\/GT510P-CAD-file.zip\">GT510P Fichiers CAD<\/a><\/p>\n<\/td>\n<\/tr>\n<tr>\n<td width=\"340\">\n<p><a href=\"\/wp-content\/uploads\/2023\/09\/SA310.zip\">SA310 Fichiers CAO<\/a><\/p>\n<\/td>\n<td width=\"304\">\n<p><a href=\"https:\/\/audiocenter.com\/wp-content\/uploads\/2026\/01\/GT508P-CAD-file.zip\">GT508P Fichiers CAO<\/a><\/p>\n<\/td>\n<\/tr>\n<tr>\n<td width=\"340\">\n<p><a href=\"https:\/\/audiocenter.com\/wp-content\/uploads\/2026\/01\/MA15-CAD-file.zip\">MA15+ Fichiers CAO<\/a><\/p>\n<\/td>\n<td width=\"304\">\n<p><a href=\"\/wp-content\/uploads\/2023\/09\/PF15MKII.zip\">Fichiers CAO PF15+ MKII<\/a><\/p>\n<\/td>\n<\/tr>\n<tr>\n<td width=\"340\">\n<p><a href=\"https:\/\/audiocenter.com\/wp-content\/uploads\/2026\/01\/MA12-CAD-file-1.zip\">Fichiers CAO MA12<\/a><\/p>\n<\/td>\n<td width=\"304\">\n<p><a href=\"\/wp-content\/uploads\/2023\/09\/PF12MKII.zip\">Fichiers CAO PF12+ MKII<\/a><\/p>\n<\/td>\n<\/tr>\n<tr>\n<td width=\"340\">\n<p><a href=\"https:\/\/audiocenter.com\/wp-content\/uploads\/2026\/01\/MA15-CAD-file-1.zip\">Fichiers CAO MA15<\/a><\/p>\n<\/td>\n<td width=\"304\">\n<p><a href=\"\/wp-content\/uploads\/2023\/09\/PF10MKII.zip\">Fichiers CAO PF10+ MKII<\/a><\/p>\n<\/td>\n<\/tr>\n<tr>\n<td width=\"340\">\n<p><a href=\"https:\/\/audiocenter.com\/wp-content\/uploads\/2026\/01\/MA12-CAD-file.zip\">Fichiers CAO MA12<\/a><\/p>\n<\/td>\n<td width=\"304\">\n<p><a href=\"\/wp-content\/uploads\/2023\/09\/PF8MKII.zip\">Fichiers CAO PF8+ MKII<\/a><\/p>\n<\/td>\n<\/tr>\n<\/tbody>\n<\/table>\n<\/div>\n\t\t\t\t\t\t\t\t\t<div class=\"elementor-tab-title elementor-tab-mobile-title\" aria-selected=\"false\" data-tab=\"4\" role=\"tab\" tabindex=\"-1\" aria-controls=\"elementor-tab-content-1994\" aria-expanded=\"false\">Moniteur \u00e0 coin<\/div>\n\t\t\t\t\t<div id=\"elementor-tab-content-1994\" class=\"elementor-tab-content elementor-clearfix\" data-tab=\"4\" role=\"tabpanel\" aria-labelledby=\"elementor-tab-title-1994\" tabindex=\"0\" hidden=\"hidden\"><ul>\n<li><a href=\"https:\/\/audiocenter.com\/wp-content\/uploads\/2026\/01\/WM210-DSP-CAD-file.zip\">WM210-DSP Fichiers CAO<\/a><\/li>\n<li><a href=\"https:\/\/audiocenter.com\/wp-content\/uploads\/2026\/01\/WM3210A-CAD-file.zip\">Fichiers CAO WM3210A<\/a><\/li>\n<\/ul>\n<\/div>\n\t\t\t\t\t\t\t\t\t<div class=\"elementor-tab-title elementor-tab-mobile-title\" aria-selected=\"false\" data-tab=\"5\" role=\"tab\" tabindex=\"-1\" aria-controls=\"elementor-tab-content-1995\" aria-expanded=\"false\">Caisson de basse<\/div>\n\t\t\t\t\t<div id=\"elementor-tab-content-1995\" class=\"elementor-tab-content elementor-clearfix\" data-tab=\"5\" role=\"tabpanel\" aria-labelledby=\"elementor-tab-title-1995\" tabindex=\"0\" hidden=\"hidden\"><table width=\"650\">\n<tbody>\n<tr>\n<td width=\"340\">\n<p><strong>Haut-parleur actif<\/strong><\/p>\n<\/td>\n<td width=\"304\">\n<p><strong>Haut-parleur passif<\/strong><\/p>\n<\/td>\n<\/tr>\n<tr>\n<td width=\"340\">\n<p><a href=\"https:\/\/audiocenter.com\/wp-content\/uploads\/2026\/04\/AVANDA218A-CAD-file.zip\">AVANDA 218A Fichiers CAD<\/a><\/p>\n<\/td>\n<td width=\"304\">\n<p><a href=\"https:\/\/audiocenter.com\/wp-content\/uploads\/2025\/12\/DS218S.zip\">Fichiers CAO DS218S<\/a><\/p>\n<\/td>\n<\/tr>\n<tr>\n<td width=\"340\">\n<p><a href=\"https:\/\/audiocenter.com\/wp-content\/uploads\/2026\/01\/PRO-S5218A-CAD-file.zip\">PRO-S5218A Fichiers CAD<\/a><\/p>\n<\/td>\n<td width=\"304\">\n<p><a href=\"https:\/\/audiocenter.com\/wp-content\/uploads\/2025\/12\/DS118S.zip\">Fichiers CAO DS118S<\/a><\/p>\n<\/td>\n<\/tr>\n<tr>\n<td width=\"340\">\n<p><a href=\"https:\/\/audiocenter.com\/wp-content\/uploads\/2026\/01\/PRO-S5118A-CAD-file.zip\">PRO-S5118A Fichiers CAD<\/a><\/p>\n<\/td>\n<td width=\"304\">\n<p><a href=\"https:\/\/audiocenter.com\/wp-content\/uploads\/2025\/12\/DSL115S.zip\">DSL115S Fichiers CAD<\/a><\/p>\n<\/td>\n<\/tr>\n<tr>\n<td width=\"340\">\n<p><a href=\"https:\/\/audiocenter.com\/wp-content\/uploads\/2026\/01\/PRO-S5212A-CAD-file.zip\">Fichiers CAD PRO-S5212A<\/a><\/p>\n<\/td>\n<td width=\"304\">\n<p><a href=\"\/wp-content\/uploads\/2023\/09\/TW15.zip\">Fichiers CAO de l&#8217;artiste TW15  <\/a><\/p>\n<\/td>\n<\/tr>\n<tr>\n<td width=\"340\">\n<p><a href=\"https:\/\/audiocenter.com\/wp-content\/uploads\/2026\/01\/T115S-DSP-CAD-file.zip\">T115S-DSP Fichiers CAD<\/a><\/p>\n<\/td>\n<td width=\"304\">\n<p><a href=\"https:\/\/audiocenter.com\/wp-content\/uploads\/2026\/01\/Artist-TW8-CAD-file.zip\">Fichiers CAD de l&#8217;artiste TW8<\/a><\/p>\n<\/td>\n<\/tr>\n<tr>\n<td width=\"340\">\n<p><a href=\"\/wp-content\/uploads\/2023\/09\/EA5118.zip\">EA5118 Fichiers CAD<\/a><\/p>\n<\/td>\n<td width=\"304\">\n<p><a href=\"https:\/\/audiocenter.com\/wp-content\/uploads\/2026\/01\/K-LA218-CAD-file.zip\">K-LA218 Fichiers CAD<\/a><\/p>\n<\/td>\n<\/tr>\n<tr>\n<td width=\"340\">\n<p><a href=\"\/wp-content\/uploads\/2023\/09\/S3218A.zip\">SA3218 Fichiers CAD<\/a><\/p>\n<\/td>\n<td width=\"304\">\n<p><a href=\"https:\/\/audiocenter.com\/wp-content\/uploads\/2026\/01\/K-LA118-CAD-file.zip\">K-LA118 Fichiers CAD<\/a><\/p>\n<\/td>\n<\/tr>\n<tr>\n<td width=\"340\">\n<p><a href=\"\/wp-content\/uploads\/2023\/09\/SA3118.zip\">SA3118 Fichiers CAD<\/a><\/p>\n<\/td>\n<td width=\"304\"> <\/td>\n<\/tr>\n<tr>\n<td width=\"340\">\n<p><a href=\"https:\/\/audiocenter.com\/wp-content\/uploads\/2026\/01\/S3218A-CAD-file.zip\">S3218A Fichiers CAD<\/a><\/p>\n<\/td>\n<td width=\"304\"> <\/td>\n<\/tr>\n<tr>\n<td width=\"340\">\n<p><a href=\"https:\/\/audiocenter.com\/wp-content\/uploads\/2026\/01\/S3118A-CAD-file.zip\">Fichiers CAO S3118A<\/a><\/p>\n<\/td>\n<td width=\"304\"> <\/td>\n<\/tr>\n<tr>\n<td width=\"340\">\n<p><a href=\"https:\/\/audiocenter.com\/wp-content\/uploads\/2026\/01\/K-LA218-DSP-CAD-file.zip\">K-LA218-DSP Fichiers CAD<\/a><\/p>\n<\/td>\n<td width=\"304\"> <\/td>\n<\/tr>\n<tr>\n<td width=\"340\">\n<p><a href=\"https:\/\/audiocenter.com\/wp-content\/uploads\/2026\/01\/K-LA118-DSP-CAD-file.zip\">K-LA118-DSP Fichiers CAD<\/a><\/p>\n<\/td>\n<td width=\"304\"> <\/td>\n<\/tr>\n<\/tbody>\n<\/table>\n<\/div>\n\t\t\t\t\t\t\t\t\t<div class=\"elementor-tab-title elementor-tab-mobile-title\" aria-selected=\"false\" data-tab=\"6\" role=\"tab\" tabindex=\"-1\" aria-controls=\"elementor-tab-content-1996\" aria-expanded=\"false\">Accessoires <\/div>\n\t\t\t\t\t<div id=\"elementor-tab-content-1996\" class=\"elementor-tab-content elementor-clearfix\" data-tab=\"6\" role=\"tabpanel\" aria-labelledby=\"elementor-tab-title-1996\" tabindex=\"0\" hidden=\"hidden\"><table width=\"650\">\n<tbody>\n<tr>\n<td width=\"340\">\n<p>Accessoires pour haut-parleurs Line Array<\/p>\n<\/td>\n<td width=\"304\">\n<p>Accessoires pour haut-parleurs<\/p>\n<\/td>\n<\/tr>\n<tr>\n<td width=\"340\"> <\/td>\n<td width=\"304\"> <\/td>\n<\/tr>\n<tr>\n<td width=\"340\"> <\/td>\n<td width=\"304\"> <\/td>\n<\/tr>\n<tr>\n<td width=\"340\"> <\/td>\n<td width=\"304\"> <\/td>\n<\/tr>\n<tr>\n<td width=\"340\"> <\/td>\n<td width=\"304\"> <\/td>\n<\/tr>\n<tr>\n<td width=\"340\"> <\/td>\n<td width=\"304\"> <\/td>\n<\/tr>\n<tr>\n<td width=\"340\"> <\/td>\n<td width=\"304\"> <\/td>\n<\/tr>\n<tr>\n<td width=\"340\"> <\/td>\n<td width=\"304\"> <\/td>\n<\/tr>\n<tr>\n<td width=\"340\"> <\/td>\n<td width=\"304\"> <\/td>\n<\/tr>\n<tr>\n<td width=\"340\"> <\/td>\n<td width=\"304\"> <\/td>\n<\/tr>\n<tr>\n<td width=\"340\"> <\/td>\n<td width=\"304\"> <\/td>\n<\/tr>\n<tr>\n<td width=\"340\"> <\/td>\n<td width=\"304\"> <\/td>\n<\/tr>\n<\/tbody>\n<\/table>\n<\/div>\n\t\t\t\t\t\t\t<\/div>\n\t\t<\/div>\n\t\t\t\t<\/div>\n\t\t\t\t<\/div>\n\t\t\t\t\t<\/div>\n\t\t<\/div>\n\t\t\t\t\t<\/div>\n\t\t<\/section>\n\t\t\t\t<\/div>\n\t\t","protected":false},"excerpt":{"rendered":"<p>Fichiers CAO Ressources utiles Nous attendons avec impatience les mises \u00e0 jour. R\u00e9seau de lignes Conf\u00e9rencier Source ponctuelle Moniteur \u00e0 coin Caisson de basse Accessoires R\u00e9seau de lignes Haut-parleur actif Haut-parleur passif AVANDA 212A Fichiers CAD Fichiers CAO DSL45 AVANDA 210A Fichiers CAD Fichiers CAD de l&#8217;artiste T8 AVANDA 28A Fichiers CAD Fichiers CAD de&hellip;<\/p>\n","protected":false},"author":1,"featured_media":0,"parent":0,"menu_order":0,"comment_status":"closed","ping_status":"closed","template":"elementor_header_footer","meta":{"footnotes":""},"class_list":["post-26965","page","type-page","status-publish","hentry"],"_links":{"self":[{"href":"https:\/\/audiocenter.com\/fr\/wp-json\/wp\/v2\/pages\/26965","targetHints":{"allow":["GET"]}}],"collection":[{"href":"https:\/\/audiocenter.com\/fr\/wp-json\/wp\/v2\/pages"}],"about":[{"href":"https:\/\/audiocenter.com\/fr\/wp-json\/wp\/v2\/types\/page"}],"author":[{"embeddable":true,"href":"https:\/\/audiocenter.com\/fr\/wp-json\/wp\/v2\/users\/1"}],"replies":[{"embeddable":true,"href":"https:\/\/audiocenter.com\/fr\/wp-json\/wp\/v2\/comments?post=26965"}],"version-history":[{"count":12,"href":"https:\/\/audiocenter.com\/fr\/wp-json\/wp\/v2\/pages\/26965\/revisions"}],"predecessor-version":[{"id":49624,"href":"https:\/\/audiocenter.com\/fr\/wp-json\/wp\/v2\/pages\/26965\/revisions\/49624"}],"wp:attachment":[{"href":"https:\/\/audiocenter.com\/fr\/wp-json\/wp\/v2\/media?parent=26965"}],"curies":[{"name":"wp","href":"https:\/\/api.w.org\/{rel}","templated":true}]}}