{"id":38422,"date":"2024-05-16T16:31:57","date_gmt":"2024-05-16T08:31:57","guid":{"rendered":"https:\/\/audiocenter.net\/user\/"},"modified":"2024-05-16T16:31:57","modified_gmt":"2024-05-16T08:31:57","slug":"user","status":"publish","type":"page","link":"https:\/\/audiocenter.com\/fr\/user\/","title":{"rendered":"User"},"content":{"rendered":"\n<div class=\"um um-profile um-38420 um-role- \">\n\n\t<div class=\"um-form\" data-mode=\"profile\">\n\n\t\t\n\t\t<div class=\"um-cover \"\n\t\t\t data-user_id=\"0\" data-ratio=\"2.7:1\">\n\n\t\t\t\n\t\t\t<div class=\"um-dropdown\" data-element=\"div.um-cover\" data-position=\"bc\" data-trigger=\"click\">\n\t\t\t\t<div class=\"um-dropdown-b\">\n\t\t\t\t\t<div class=\"um-dropdown-arr\"><i class=\"\"><\/i><\/div>\n\t\t\t\t\t<ul>\n\t\t\t\t\t\t\t\t\t\t\t\t\t<li><a href=\"javascript:void(0);\" class=\"um-manual-trigger\" data-parent=\".um-cover\" data-child=\".um-btn-auto-width\">T\u00e9l\u00e9verser une photo de couverture<\/a><\/li>\n\t\t\t\t\t\t\t\t\t\t\t\t\t<li><a href=\"javascript:void(0);\" class=\"um-dropdown-hide\">Annuler<\/a><\/li>\n\t\t\t\t\t\t\t\t\t\t\t<\/ul>\n\t\t\t\t<\/div>\n\t\t\t<\/div>\n\n\t\t\t<div style=\"display: none !important;\"><div  id=\"um_field_38420_cover_photo\" class=\"um-field um-field-image  um-field-cover_photo um-field-image um-field-type_image\" data-key=\"cover_photo\" data-mode=\"\" data-upload-label=\"T\u00e9l\u00e9verser\"><input type=\"hidden\" name=\"cover_photo\" id=\"cover_photo\" value=\"\"  aria-invalid=\"false\" \/><div class=\"um-field-label\"><label for=\"cover_photo\">Modifier votre photo de couverture<\/label><div class=\"um-clear\"><\/div><\/div><div class=\"um-field-area\" style=\"text-align: center;\"><div class=\"um-single-image-preview crop\" data-crop=\"cover\" data-key=\"cover_photo\"><a href=\"javascript:void(0);\" class=\"cancel\"><i class=\"um-icon-close\"><\/i><\/a><img decoding=\"async\" class=\"fusion-lazyload-ignore\" src=\"\" alt=\"\" \/><div class=\"um-clear\"><\/div><\/div><a href=\"javascript:void(0);\" data-modal=\"um_upload_single\" data-modal-size=\"large\" data-modal-copy=\"1\" class=\"um-button um-btn-auto-width\">T\u00e9l\u00e9verser<\/a><\/div><div class=\"um-modal-hidden-content\"><div class=\"um-modal-header\"> Modifier votre photo de couverture<\/div><div class=\"um-modal-body\"><div class=\"um-single-image-preview crop\"  data-crop=\"cover\" data-ratio=\"2.7\" data-min_width=\"500\" data-min_height=\"\" data-coord=\"\"><a href=\"javascript:void(0);\" class=\"cancel\"><i class=\"um-icon-close\"><\/i><\/a><img decoding=\"async\" class=\"fusion-lazyload-ignore\" src=\"\" alt=\"\" \/><div class=\"um-clear\"><\/div><\/div><div class=\"um-clear\"><\/div><div class=\"um-single-image-upload\" data-user_id=\"\" data-nonce=\"65497d8fbc\" data-timestamp=\"1776703355\"  data-set_id=\"38420\" data-set_mode=\"\" data-type=\"image\" data-key=\"cover_photo\" data-max_size=\"100\" data-max_size_error=\"Cette image est trop volumineuse\u00a0!\" data-min_size_error=\"Cette image est trop petite\u00a0!\" data-extension_error=\"D\u00e9sole, cette image n\u2019est pas valide.\"  data-allowed_types=\"gif,jpg,jpeg,png\" data-upload_text=\"T\u00e9l\u00e9verser ici la photo de couverture du profil&lt;small class=&quot;um-max-filesize&quot;&gt;( max: &lt;span&gt;100&lt;\/span&gt; )&lt;\/small&gt;\" data-max_files_error=\"Vous ne pouvez t\u00e9l\u00e9verser qu\u2019une seule image\" data-upload_help_text=\"\">T\u00e9l\u00e9verser<\/div><div class=\"um-modal-footer\">\n\t\t\t\t\t\t\t\t\t<div class=\"um-modal-right\">\n\t\t\t\t\t\t\t\t\t\t<a href=\"javascript:void(0);\" class=\"um-modal-btn um-finish-upload image disabled\" data-key=\"cover_photo\" data-change=\"Modifier la photo\" data-processing=\"En cours\u2026\">Appliquer<\/a>\n\t\t\t\t\t\t\t\t\t\t<a href=\"javascript:void(0);\" class=\"um-modal-btn alt\" data-action=\"um_remove_modal\"> Annuler<\/a>\n\t\t\t\t\t\t\t\t\t<\/div>\n\t\t\t\t\t\t\t\t\t<div class=\"um-clear\"><\/div>\n\t\t\t\t\t\t\t\t<\/div><\/div><\/div><\/div><\/div>\n\t\t\t<div class=\"um-cover-e\" data-ratio=\"2.7:1\">\n\n\t\t\t\t\n\t\t\t\t\t\t<a href=\"javascript:void(0);\" class=\"um-cover-add\"><span class=\"um-cover-add-i\"><i\n\t\t\t\t\t\t\t\t\tclass=\"um-icon-plus um-tip-n\"\n\t\t\t\t\t\t\t\t\ttitle=\"T\u00e9l\u00e9verser une photo de couverture\"><\/i><\/span><\/a>\n\n\t\t\t\t\t\n\t\t\t<\/div>\n\n\t\t\t<span class=\"um-cover-overlay\">\n\t\t\t\t<span class=\"um-cover-overlay-s\">\n\t\t\t\t\t<ins>\n\t\t\t\t\t\t<i class=\"um-faicon-picture-o\"><\/i>\n\t\t\t\t\t\t<span class=\"um-cover-overlay-t\">Modifier votre photo de couverture<\/span>\n\t\t\t\t\t<\/ins>\n\t\t\t\t<\/span>\n\t\t\t<\/span>\n\t\t<\/div>\n\n\t\t\n\t<div class=\"um-header\">\n\n\t\t\n\t\t<div class=\"um-profile-photo\" data-user_id=\"0\"  aria-invalid=\"false\" >\n\n\t\t\t<a href=\"\" class=\"um-profile-photo-img\" title=\"\">\n\t\t\t\t<span class=\"um-profile-photo-overlay\">\n\t\t\t<span class=\"um-profile-photo-overlay-s\">\n\t\t\t\t<ins>\n\t\t\t\t\t<i class=\"um-faicon-camera\"><\/i>\n\t\t\t\t<\/ins>\n\t\t\t<\/span>\n\t\t<\/span><img alt='' src='https:\/\/secure.gravatar.com\/avatar\/?s=190&#038;d=mm&#038;r=g' srcset='https:\/\/secure.gravatar.com\/avatar\/?s=380&#038;d=mm&#038;r=g 2x' class='avatar avatar-190 photo avatar-default' height='190' width='190' \/>\t\t\t<\/a>\n\n\t\t\t<div style=\"display: none !important;\"><div  id=\"um_field_38420_profile_photo\" class=\"um-field um-field-image  um-field-profile_photo um-field-image um-field-type_image\" data-key=\"profile_photo\" data-mode=\"\" data-upload-label=\"T\u00e9l\u00e9verser\"><input type=\"hidden\" name=\"profile_photo\" id=\"profile_photo\" value=\"\"  aria-invalid=\"false\" \/><div class=\"um-field-label\"><label for=\"profile_photo\">Modifiez votre photo de profil<\/label><div class=\"um-clear\"><\/div><\/div><div class=\"um-field-area\" style=\"text-align: center;\"><div class=\"um-single-image-preview crop\" data-crop=\"square\" data-key=\"profile_photo\"><a href=\"javascript:void(0);\" class=\"cancel\"><i class=\"um-icon-close\"><\/i><\/a><img decoding=\"async\" class=\"fusion-lazyload-ignore\" src=\"\" alt=\"\" \/><div class=\"um-clear\"><\/div><\/div><a href=\"javascript:void(0);\" data-modal=\"um_upload_single\" data-modal-size=\"normal\" data-modal-copy=\"1\" class=\"um-button um-btn-auto-width\">T\u00e9l\u00e9verser<\/a><\/div><div class=\"um-modal-hidden-content\"><div class=\"um-modal-header\"> Modifiez votre photo de profil<\/div><div class=\"um-modal-body\"><div class=\"um-single-image-preview crop\"  data-crop=\"square\" data-ratio=\"1\" data-min_width=\"190\" data-min_height=\"190\" data-coord=\"\"><a href=\"javascript:void(0);\" class=\"cancel\"><i class=\"um-icon-close\"><\/i><\/a><img decoding=\"async\" class=\"fusion-lazyload-ignore\" src=\"\" alt=\"\" \/><div class=\"um-clear\"><\/div><\/div><div class=\"um-clear\"><\/div><div class=\"um-single-image-upload\" data-user_id=\"\" data-nonce=\"65497d8fbc\" data-timestamp=\"1776703355\"  data-set_id=\"38420\" data-set_mode=\"\" data-type=\"image\" data-key=\"profile_photo\" data-max_size=\"100\" data-max_size_error=\"Cette image est trop volumineuse\u00a0!\" data-min_size_error=\"Cette image est trop petite\u00a0!\" data-extension_error=\"D\u00e9sole, cette image n\u2019est pas valide.\"  data-allowed_types=\"gif,jpg,jpeg,png\" data-upload_text=\"T\u00e9l\u00e9verser votre photo ici&lt;small class=&quot;um-max-filesize&quot;&gt;( max: &lt;span&gt;100&lt;\/span&gt; )&lt;\/small&gt;\" data-max_files_error=\"Vous ne pouvez t\u00e9l\u00e9verser qu\u2019une seule image\" data-upload_help_text=\"\">T\u00e9l\u00e9verser<\/div><div class=\"um-modal-footer\">\n\t\t\t\t\t\t\t\t\t<div class=\"um-modal-right\">\n\t\t\t\t\t\t\t\t\t\t<a href=\"javascript:void(0);\" class=\"um-modal-btn um-finish-upload image disabled\" data-key=\"profile_photo\" data-change=\"Modifier la photo\" data-processing=\"En cours\u2026\">Appliquer<\/a>\n\t\t\t\t\t\t\t\t\t\t<a href=\"javascript:void(0);\" class=\"um-modal-btn alt\" data-action=\"um_remove_modal\"> Annuler<\/a>\n\t\t\t\t\t\t\t\t\t<\/div>\n\t\t\t\t\t\t\t\t\t<div class=\"um-clear\"><\/div>\n\t\t\t\t\t\t\t\t<\/div><\/div><\/div><\/div><\/div>\n\t\t\t<div class=\"um-dropdown\" data-element=\"div.um-profile-photo\" data-position=\"bc\" data-trigger=\"click\">\n\t\t\t\t<div class=\"um-dropdown-b\">\n\t\t\t\t\t<div class=\"um-dropdown-arr\"><i class=\"\"><\/i><\/div>\n\t\t\t\t\t<ul>\n\t\t\t\t\t\t\t\t\t\t\t\t\t<li><a href=\"javascript:void(0);\" class=\"um-manual-trigger\" data-parent=\".um-profile-photo\" data-child=\".um-btn-auto-width\">T\u00e9l\u00e9verser une photo<\/a><\/li>\n\t\t\t\t\t\t\t\t\t\t\t\t\t<li><a href=\"javascript:void(0);\" class=\"um-dropdown-hide\">Annuler<\/a><\/li>\n\t\t\t\t\t\t\t\t\t\t\t<\/ul>\n\t\t\t\t<\/div>\n\t\t\t<\/div>\n\n\t\t\t\n\t\t<\/div>\n\n\t\t<div class=\"um-profile-meta\">\n\n\t\t\t\n\t\t\t<div class=\"um-main-meta\">\n\n\t\t\t\t\t\t\t\t\t<div class=\"um-name\">\n\n\t\t\t\t\t\t<a href=\"\"\n\t\t\t\t\t\t   title=\"\"><\/a>\n\n\t\t\t\t\t\t\n\t\t\t\t\t<\/div>\n\t\t\t\t\n\t\t\t\t<div class=\"um-clear\"><\/div>\n\n\t\t\t\t\n\t\t\t<\/div>\n\n\t\t\t\n\t\t\t<div class=\"um-profile-status \">\n\t\t\t\t<span>\n\t\t\t\t\tL\u2019\u00e9tat de ce compte est \u00ab\u00a0\u00a0\u00bb\t\t\t\t<\/span>\n\t\t\t<\/div>\n\n\t\t\t\t\t<\/div>\n\t\t<div class=\"um-clear\"><\/div>\n\n\t\t\n\t<\/div>\n\n\t\n\t\t<div class=\"um-profile-navbar \">\n\t\t\t\t\t\t<div class=\"um-clear\"><\/div>\n\t\t<\/div>\n\n\t\t\n\t\t\t\t<div class=\"um-profile-body main main-default\">\n\n\t\t\t\t\t\n\t\t\t\t\t<div class=\"clear\"><\/div>\n\t\t\t\t<\/div>\n\n\t\t\t\t<\/div>\n<\/div>\n<style>\n\t\t\t.um-38420.um {\n\t\t\tmax-width: 1000px;\n\t\t}\n\t\t<\/style>\n<style>\n\t\t\t.um-38420.um .um-profile-body {\n\t\t\tmax-width: 600px;\n\t\t}\n\t\t.um-38420.um .um-profile-photo a.um-profile-photo-img {\n\t\twidth: 190px;\n\t\theight: 190px;\n\t}\n\t.um-38420.um .um-profile-photo a.um-profile-photo-img {\n\t\ttop: -105px;\n\t}\n\t\t\t.um-38420.um .um-profile-meta {\n\t\t\tpadding-left: 250px;\n\t\t}\n\t<\/style>\n\n","protected":false},"excerpt":{"rendered":"<p>T\u00e9l\u00e9verser une photo de couverture Annuler Modifier votre photo de couvertureT\u00e9l\u00e9verser Modifier votre photo de couvertureT\u00e9l\u00e9verser Appliquer Annuler Modifier votre photo de couverture Modifiez votre photo de profilT\u00e9l\u00e9verser Modifiez votre photo de profilT\u00e9l\u00e9verser Appliquer Annuler T\u00e9l\u00e9verser une photo Annuler L\u2019\u00e9tat de ce compte est \u00ab\u00a0\u00a0\u00bb<\/p>\n","protected":false},"author":1,"featured_media":0,"parent":0,"menu_order":0,"comment_status":"closed","ping_status":"closed","template":"","meta":{"footnotes":""},"class_list":["post-38422","page","type-page","status-publish","hentry","description-off"],"_links":{"self":[{"href":"https:\/\/audiocenter.com\/fr\/wp-json\/wp\/v2\/pages\/38422","targetHints":{"allow":["GET"]}}],"collection":[{"href":"https:\/\/audiocenter.com\/fr\/wp-json\/wp\/v2\/pages"}],"about":[{"href":"https:\/\/audiocenter.com\/fr\/wp-json\/wp\/v2\/types\/page"}],"author":[{"embeddable":true,"href":"https:\/\/audiocenter.com\/fr\/wp-json\/wp\/v2\/users\/1"}],"replies":[{"embeddable":true,"href":"https:\/\/audiocenter.com\/fr\/wp-json\/wp\/v2\/comments?post=38422"}],"version-history":[{"count":0,"href":"https:\/\/audiocenter.com\/fr\/wp-json\/wp\/v2\/pages\/38422\/revisions"}],"wp:attachment":[{"href":"https:\/\/audiocenter.com\/fr\/wp-json\/wp\/v2\/media?parent=38422"}],"curies":[{"name":"wp","href":"https:\/\/api.w.org\/{rel}","templated":true}]}}