{"id":38424,"date":"2024-05-16T16:31:59","date_gmt":"2024-05-16T08:31:59","guid":{"rendered":"https:\/\/audiocenter.net\/register\/"},"modified":"2024-05-16T17:49:44","modified_gmt":"2024-05-16T09:49:44","slug":"register","status":"publish","type":"page","link":"https:\/\/audiocenter.com\/fr\/register\/","title":{"rendered":"Register"},"content":{"rendered":"\t\t<div data-elementor-type=\"wp-page\" data-elementor-id=\"38424\" class=\"elementor elementor-38424\" data-elementor-post-type=\"page\">\n\t\t\t\t\t\t<section class=\"elementor-section elementor-top-section elementor-element elementor-element-31428a0 elementor-section-boxed elementor-section-height-default elementor-section-height-default\" data-id=\"31428a0\" data-element_type=\"section\">\n\t\t\t\t\t\t<div class=\"elementor-container elementor-column-gap-default\">\n\t\t\t\t\t<div class=\"elementor-column elementor-col-100 elementor-top-column elementor-element elementor-element-9369047\" data-id=\"9369047\" data-element_type=\"column\">\n\t\t\t<div class=\"elementor-widget-wrap elementor-element-populated\">\n\t\t\t\t\t\t<div class=\"elementor-element elementor-element-50c0538 elementor-widget elementor-widget-heading\" data-id=\"50c0538\" data-element_type=\"widget\" data-widget_type=\"heading.default\">\n\t\t\t\t<div class=\"elementor-widget-container\">\n\t\t\t<h2 class=\"elementor-heading-title elementor-size-default\">Welcome to register as an Audiocenter member!<\/h2>\t\t<\/div>\n\t\t\t\t<\/div>\n\t\t\t\t\t<\/div>\n\t\t<\/div>\n\t\t\t\t\t<\/div>\n\t\t<\/section>\n\t\t\t\t<section class=\"elementor-section elementor-top-section elementor-element elementor-element-4cb0d9d0 elementor-section-boxed elementor-section-height-default elementor-section-height-default\" data-id=\"4cb0d9d0\" data-element_type=\"section\">\n\t\t\t\t\t\t<div class=\"elementor-container elementor-column-gap-default\">\n\t\t\t\t\t<div class=\"elementor-column elementor-col-100 elementor-top-column elementor-element elementor-element-6984d7a2\" data-id=\"6984d7a2\" data-element_type=\"column\">\n\t\t\t<div class=\"elementor-widget-wrap elementor-element-populated\">\n\t\t\t\t\t\t<div class=\"elementor-element elementor-element-75c6a566 elementor-widget elementor-widget-shortcode\" data-id=\"75c6a566\" data-element_type=\"widget\" data-widget_type=\"shortcode.default\">\n\t\t\t\t<div class=\"elementor-widget-container\">\n\t\t\t\t\t<div class=\"elementor-shortcode\">\n<div class=\"um um-register um-38418\">\n\t<div class=\"um-form\" data-mode=\"register\">\n\t\t<form method=\"post\" action=\"\">\n\t\t\t<div class=\"um-row _um_row_1 \" style=\"margin: 0 0 30px 0;\"><div class=\"um-col-1\"><div  id=\"um_field_38418_user_login\" class=\"um-field um-field-text  um-field-user_login um-field-text um-field-type_text\" data-key=\"user_login\"><div class=\"um-field-label\"><label for=\"user_login-38418\">Identifiant<span class=\"um-req\" title=\"Obligatoire\">*<\/span><\/label><div class=\"um-clear\"><\/div><\/div><div class=\"um-field-area\"><input  autocomplete=\"off\" class=\"um-form-field valid \" type=\"text\" name=\"user_login-38418\" id=\"user_login-38418\" value=\"\" placeholder=\"\" data-validate=\"unique_username\" data-key=\"user_login\"  aria-invalid=\"false\" \/>\n\n\t\t\t\t\t\t<\/div><\/div><div  id=\"um_field_38418_user_email\" class=\"um-field um-field-text  um-field-user_email um-field-text um-field-type_text\" data-key=\"user_email\"><div class=\"um-field-label\"><label for=\"user_email-38418\">Adresse e-mail<span class=\"um-req\" title=\"Obligatoire\">*<\/span><\/label><div class=\"um-clear\"><\/div><\/div><div class=\"um-field-area\"><input  autocomplete=\"off\" class=\"um-form-field valid \" type=\"text\" name=\"user_email-38418\" id=\"user_email-38418\" value=\"\" placeholder=\"\" data-validate=\"unique_email\" data-key=\"user_email\"  aria-invalid=\"false\" \/>\n\n\t\t\t\t\t\t<\/div><\/div><div  id=\"um_field_38418_whatsapp\" class=\"um-field um-field-text  um-field-whatsapp um-field-text um-field-type_text\" data-key=\"whatsapp\"><div class=\"um-field-label\"><div class=\"um-field-label-icon\"><i class=\"um-icon-social-whatsapp\" aria-label=\"WhatsApp number\"><\/i><\/div><label for=\"whatsapp-38418\">Num\u00e9ro WhatsApp<span class=\"um-req\" title=\"Obligatoire\">*<\/span><\/label><div class=\"um-clear\"><\/div><\/div><div class=\"um-field-area\"><input  autocomplete=\"off\" class=\"um-form-field valid \" type=\"text\" name=\"whatsapp-38418\" id=\"whatsapp-38418\" value=\"\" placeholder=\"\" data-validate=\"phone_number\" data-key=\"whatsapp\"  aria-invalid=\"false\" \/>\n\n\t\t\t\t\t\t<\/div><\/div><div  id=\"um_field_38418_country\" class=\"um-field um-field-select  um-field-country um-field-select um-field-type_select\" data-key=\"country\"><div class=\"um-field-label\"><label for=\"country-38418\">Pays<span class=\"um-req\" title=\"Obligatoire\">*<\/span><\/label><div class=\"um-clear\"><\/div><\/div><div class=\"um-field-area  \"><select data-default=\"\"     name=\"country\" id=\"country\" data-validate=\"\" data-key=\"country\" class=\"um-form-field valid um-s1 \" style=\"width: 100%\" data-placeholder=\"Choose a Country\"   aria-invalid=\"false\" ><option value=\"\"><\/option><option value=\"Afghanistan\" >Afghanistan<\/option><option value=\"\u00c5land Islands\" >\u00celes \u00c5land<\/option><option value=\"Albania\" >Albanie<\/option><option value=\"Algeria\" >Alg\u00e9rie<\/option><option value=\"American Samoa\" >Samoa am\u00e9ricaines<\/option><option value=\"Andorra\" >Andorre<\/option><option value=\"Angola\" >Angola<\/option><option value=\"Anguilla\" >Anguilla<\/option><option value=\"Antarctica\" >Antarctique<\/option><option value=\"Antigua and Barbuda\" >Antigua-et-Barbuda<\/option><option value=\"Argentina\" >Argentine<\/option><option value=\"Armenia\" >Arm\u00e9nie<\/option><option value=\"Aruba\" >Aruba<\/option><option value=\"Australia\" >Australie<\/option><option value=\"Austria\" >Autriche<\/option><option value=\"Azerbaijan\" >Azerba\u00efdjan<\/option><option value=\"Bahamas\" >Bahamas<\/option><option value=\"Bahrain\" >Bahre\u00efn<\/option><option value=\"Bangladesh\" >Bangladesh<\/option><option value=\"Barbados\" >Barbade<\/option><option value=\"Belarus\" >Bi\u00e9lorussie<\/option><option value=\"Belgium\" >Belgique<\/option><option value=\"Belize\" >Belize<\/option><option value=\"Benin\" >B\u00e9nin<\/option><option value=\"Bermuda\" >Bermudes<\/option><option value=\"Bhutan\" >Bhoutan<\/option><option value=\"Bolivia, Plurinational State of\" >Bolivie<\/option><option value=\"Bosnia and Herzegovina\" >Bosnie-Herz\u00e9govine<\/option><option value=\"Botswana\" >Botswana<\/option><option value=\"Bouvet Island\" >\u00cele Bouvet<\/option><option value=\"Brazil\" >Br\u00e9sil<\/option><option value=\"British Indian Ocean Territory\" >Territoire britannique de l\u2019oc\u00e9an Indien<\/option><option value=\"Brunei Darussalam\" >Brunei<\/option><option value=\"Bulgaria\" >Bulgarie<\/option><option value=\"Burkina Faso\" >Burkina Faso<\/option><option value=\"Burundi\" >Burundi<\/option><option value=\"Cambodia\" >Cambodge<\/option><option value=\"Cameroon\" >Cameroun<\/option><option value=\"Canada\" >Canada<\/option><option value=\"Cape Verde\" >Cap-Vert<\/option><option value=\"Cayman Islands\" >\u00celes Ca\u00efmans<\/option><option value=\"Central African Republic\" >R\u00e9publique centrafricaine<\/option><option value=\"Chad\" >Tchad<\/option><option value=\"Chile\" >Chili<\/option><option value=\"China\" >Chine<\/option><option value=\"Christmas Island\" >\u00cele Christmas<\/option><option value=\"Cocos (Keeling) Islands\" >\u00celes Cocos (Keeling)<\/option><option value=\"Colombia\" >Colombie<\/option><option value=\"Comoros\" >Comores<\/option><option value=\"Congo\" >Congo<\/option><option value=\"Congo, the Democratic Republic of the\" >R\u00e9publique\u00a0d\u00e9mocratique\u00a0du\u00a0Congo<\/option><option value=\"Cook Islands\" >Iles Cook<\/option><option value=\"Costa Rica\" >Costa Rica<\/option><option value=\"C\u00f4te d&#039;Ivoire\" >C\u00f4te d\u2019Ivoire<\/option><option value=\"Croatia\" >Croatie<\/option><option value=\"Cuba\" >Cuba<\/option><option value=\"Cyprus\" >Chypre<\/option><option value=\"Czech Republic\" >R\u00e9publique Tch\u00e8que<\/option><option value=\"Denmark\" >Danemark<\/option><option value=\"Djibouti\" >Djibouti<\/option><option value=\"Dominica\" >Dominique<\/option><option value=\"Dominican Republic\" >R\u00e9publique Dominicaine<\/option><option value=\"Ecuador\" >\u00c9quateur<\/option><option value=\"Egypt\" >\u00c9gypte<\/option><option value=\"El Salvador\" >Salvador<\/option><option value=\"Equatorial Guinea\" >Guin\u00e9e \u00c9quatoriale<\/option><option value=\"Eritrea\" >\u00c9rythr\u00e9e<\/option><option value=\"Estonia\" >Estonie<\/option><option value=\"Ethiopia\" >\u00c9thiopie<\/option><option value=\"Falkland Islands (Malvinas)\" >\u00celes Malouines<\/option><option value=\"Faroe Islands\" >\u00celes F\u00e9ro\u00e9<\/option><option value=\"Fiji\" >Fidji<\/option><option value=\"Finland\" >Finlande<\/option><option value=\"France\" >France<\/option><option value=\"French Guiana\" >Guyane<\/option><option value=\"French Polynesia\" >Polyn\u00e9sie fran\u00e7aise<\/option><option value=\"French Southern Territories\" >Terres australes et antarctiques fran\u00e7aises<\/option><option value=\"Gabon\" >Gabon<\/option><option value=\"Gambia\" >Gambie<\/option><option value=\"Sakartvelo\" >G\u00e9orgie<\/option><option value=\"Germany\" >Allemagne<\/option><option value=\"Ghana\" >Ghana<\/option><option value=\"Gibraltar\" >Gibraltar<\/option><option value=\"Greece\" >Gr\u00e8ce<\/option><option value=\"Greenland\" >Groenland<\/option><option value=\"Grenada\" >Grenade<\/option><option value=\"Guadeloupe\" >Guadeloupe<\/option><option value=\"Guam\" >Guam<\/option><option value=\"Guatemala\" >Guatemala<\/option><option value=\"Guernsey\" >Guernesey<\/option><option value=\"Guinea\" >Guin\u00e9e<\/option><option value=\"Guinea-Bissau\" >Guin\u00e9e-Bissau<\/option><option value=\"Guyana\" >Guyane<\/option><option value=\"Haiti\" >Ha\u00efti<\/option><option value=\"Heard Island and McDonald Islands\" >\u00celes Heard-et-MacDonald<\/option><option value=\"Holy See (Vatican City State)\" >Vatican<\/option><option value=\"Honduras\" >Honduras<\/option><option value=\"Hong Kong\" >Hong Kong<\/option><option value=\"Hungary\" >Hongrie<\/option><option value=\"Iceland\" >Islande<\/option><option value=\"India\" >Inde<\/option><option value=\"Indonesia\" >Indon\u00e9sie<\/option><option value=\"Iran, Islamic Republic of\" >Iran<\/option><option value=\"Iraq\" >Irak<\/option><option value=\"Ireland\" >Irlande<\/option><option value=\"Isle of Man\" >\u00cele de Man<\/option><option value=\"Israel\" >Isra\u00ebl<\/option><option value=\"Italy\" >Italie<\/option><option value=\"Jamaica\" >Jama\u00efque<\/option><option value=\"Japan\" >Japon<\/option><option value=\"Jersey\" >Jersey<\/option><option value=\"Jordan\" >Jordanie<\/option><option value=\"Kazakhstan\" >Kazakhstan<\/option><option value=\"Kenya\" >Kenya<\/option><option value=\"Kiribati\" >Kiribati<\/option><option value=\"Korea, Democratic People&#039;s Republic of\" >Cor\u00e9e du Nord<\/option><option value=\"Korea, Republic of\" >Cor\u00e9e\u00a0du\u00a0Sud<\/option><option value=\"Kuwait\" >Kowe\u00eft<\/option><option value=\"Kyrgyzstan\" >Kirghizistan<\/option><option value=\"Lao People&#039;s Democratic Republic\" >Personne de la R\u00e9publique d\u00e9mocratique du Laos<\/option><option value=\"Latvia\" >Lettonie<\/option><option value=\"Lebanon\" >Liban<\/option><option value=\"Lesotho\" >Lesotho<\/option><option value=\"Liberia\" >Liberia<\/option><option value=\"Libyan Arab Jamahiriya\" >Libye<\/option><option value=\"Liechtenstein\" >Liechtenstein<\/option><option value=\"Lithuania\" >Lituanie<\/option><option value=\"Luxembourg\" >Luxembourg<\/option><option value=\"Macao\" >Macao<\/option><option value=\"Macedonia, the former Yugoslav Republic of\" >Mac\u00e9doine<\/option><option value=\"Madagascar\" >Madagascar<\/option><option value=\"Malawi\" >Malawi<\/option><option value=\"Malaysia\" >Malaisie<\/option><option value=\"Maldives\" >Maldives<\/option><option value=\"Mali\" >Mali<\/option><option value=\"Malta\" >Malte<\/option><option value=\"Marshall Islands\" >Iles Marshall<\/option><option value=\"Martinique\" >Martinique<\/option><option value=\"Mauritania\" >Mauritanie<\/option><option value=\"Mauritius\" >\u00cele Maurice<\/option><option value=\"Mayotte\" >Mayotte<\/option><option value=\"Mexico\" >Mexique<\/option><option value=\"Micronesia, Federated States of\" >Micron\u00e9sie<\/option><option value=\"Moldova, Republic of\" >Moldavie<\/option><option value=\"Monaco\" >Monaco<\/option><option value=\"Mongolia\" >Mongolie<\/option><option value=\"Montenegro\" >Mont\u00e9n\u00e9gro<\/option><option value=\"Montserrat\" >Montserrat<\/option><option value=\"Morocco\" >Maroc<\/option><option value=\"Mozambique\" >Mozambique<\/option><option value=\"Myanmar\" >Birmanie<\/option><option value=\"Namibia\" >Namibie<\/option><option value=\"Nauru\" >Nauru<\/option><option value=\"Nepal\" >N\u00e9pal<\/option><option value=\"Netherlands\" >Pays-Bas<\/option><option value=\"Netherlands Antilles\" >Antilles n\u00e9erlandaises<\/option><option value=\"New Caledonia\" >Nouvelle Cal\u00e9donie<\/option><option value=\"New Zealand\" >Nouvelle-Z\u00e9lande<\/option><option value=\"Nicaragua\" >Nicaragua<\/option><option value=\"Niger\" >Niger<\/option><option value=\"Nigeria\" >Nigeria<\/option><option value=\"Niue\" >Niu\u00e9en<\/option><option value=\"Norfolk Island\" >\u00cele Norfolk<\/option><option value=\"Northern Mariana Islands\" >\u00celes Mariannes du Nord<\/option><option value=\"Norway\" >Norv\u00e8ge<\/option><option value=\"Oman\" >Oman<\/option><option value=\"Pakistan\" >Pakistan<\/option><option value=\"Palau\" >Palaos<\/option><option value=\"Palestine\" >Palestine<\/option><option value=\"Panama\" >Panama<\/option><option value=\"Papua New Guinea\" >Papouasie Nouvelle Guin\u00e9e<\/option><option value=\"Paraguay\" >Paraguay<\/option><option value=\"Peru\" >P\u00e9rou<\/option><option value=\"Philippines\" >Philippines<\/option><option value=\"Pitcairn\" >Pitcairn<\/option><option value=\"Poland\" >Pologne<\/option><option value=\"Portugal\" >Portugal<\/option><option value=\"Puerto Rico\" >Porto Rico<\/option><option value=\"Qatar\" >Qatar<\/option><option value=\"R\u00e9union\" >R\u00e9union<\/option><option value=\"Romania\" >Roumanie<\/option><option value=\"Russian Federation\" >Russie<\/option><option value=\"Rwanda\" >Rwanda<\/option><option value=\"Saint Barth\u00e9lemy\" >Saint Barth\u00e9lemy<\/option><option value=\"Saint Helena\" >Sainte H\u00e9l\u00e8ne<\/option><option value=\"Saint Kitts and Nevis\" >Saint-Christophe-et-Ni\u00e9v\u00e8s<\/option><option value=\"Saint Lucia\" >Sainte Lucie<\/option><option value=\"Saint Martin (French part)\" >Saint-Martin (Antilles fran\u00e7aises)<\/option><option value=\"Saint Pierre and Miquelon\" >Saint Pierre et Miquelon<\/option><option value=\"Saint Vincent and the Grenadines\" >Saint-Vincent-et-les-Grenadines<\/option><option value=\"Samoa\" >Samoa<\/option><option value=\"San Marino\" >Saint Marin<\/option><option value=\"Sao Tome and Principe\" >S\u00e3o Tom\u00e9-et-Principe<\/option><option value=\"Saudi Arabia\" >Arabie Saoudite<\/option><option value=\"Senegal\" >S\u00e9n\u00e9gal<\/option><option value=\"Serbia\" >Serbie<\/option><option value=\"Seychelles\" >Seychelles<\/option><option value=\"Sierra Leone\" >Sierra Leone<\/option><option value=\"Singapore\" >Singapour<\/option><option value=\"Slovakia\" >Slovaquie<\/option><option value=\"Slovenia\" >Slov\u00e9nie<\/option><option value=\"Solomon Islands\" >\u00celes Salomon<\/option><option value=\"Somalia\" >Somalie<\/option><option value=\"South Africa\" >Afrique du Sud<\/option><option value=\"South Georgia and the South Sandwich Islands\" >G\u00e9orgie du Sud-et-les \u00celes Sandwich du Sud<\/option><option value=\"South Sudan\" >Soudan du Sud<\/option><option value=\"Spain\" >Espagne<\/option><option value=\"Sri Lanka\" >Sri Lanka<\/option><option value=\"Sudan\" >Soudan<\/option><option value=\"Suriname\" >Suriname<\/option><option value=\"Svalbard and Jan Mayen\" >Svalbard et Jan Mayen<\/option><option value=\"Eswatini\" >Eswatini<\/option><option value=\"Sweden\" >Su\u00e8de<\/option><option value=\"Switzerland\" >Suisse<\/option><option value=\"Syrian Arab Republic\" >Syrie<\/option><option value=\"Taiwan, Province of China\" >Ta\u00efwan<\/option><option value=\"Tajikistan\" >Tadjikistan<\/option><option value=\"Tanzania, United Republic of\" >Tanzanie<\/option><option value=\"Thailand\" >Tha\u00eflande<\/option><option value=\"Timor-Leste\" >Timor-Leste<\/option><option value=\"Togo\" >Togo<\/option><option value=\"Tokelau\" >Tok\u00e9laou<\/option><option value=\"Tonga\" >Tonga<\/option><option value=\"Trinidad and Tobago\" >Trinidad et Tobago<\/option><option value=\"Tunisia\" >Tunisie<\/option><option value=\"Turkey\" >Turquie<\/option><option value=\"Turkmenistan\" >Turkm\u00e9nistan<\/option><option value=\"Turks and Caicos Islands\" >\u00celes Turques-et-Ca\u00efques<\/option><option value=\"Tuvalu\" >Tuvalu<\/option><option value=\"Uganda\" >Ouganda<\/option><option value=\"Ukraine\" >Ukraine<\/option><option value=\"United Arab Emirates\" >Emirats Arabes Unis<\/option><option value=\"United Kingdom\" >Royaume-Uni<\/option><option value=\"United States\" >\u00c9tats-Unis d\u2019Am\u00e9rique<\/option><option value=\"United States Minor Outlying Islands\" >\u00celes mineures \u00e9loign\u00e9es des \u00c9tats-Unis<\/option><option value=\"Uruguay\" >Uruguay<\/option><option value=\"Uzbekistan\" >Ouzb\u00e9kistan<\/option><option value=\"Vanuatu\" >Vanuatu<\/option><option value=\"Venezuela, Bolivarian Republic of\" >Venezuela<\/option><option value=\"Viet Nam\" >Vi\u00eatnam<\/option><option value=\"Virgin Islands, British\" >\u00celes Vierges britanniques<\/option><option value=\"Virgin Islands, U.S.\" >\u00celes Vierges am\u00e9ricaines<\/option><option value=\"Wallis and Futuna\" >Wallis et Futuna<\/option><option value=\"Western Sahara\" >Sahara occidental<\/option><option value=\"Yemen\" >Yemen<\/option><option value=\"Zambia\" >Zambie<\/option><option value=\"Zimbabwe\" >Zimbabwe<\/option><\/select><\/div><\/div><div  id=\"um_field_38418_user_password\" class=\"um-field um-field-password  um-field-user_password um-field-password um-field-type_password\" data-key=\"user_password\"><div class=\"um-field-label\"><label for=\"user_password-38418\">Mot de passe<span class=\"um-req\" title=\"Obligatoire\">*<\/span><\/label><div class=\"um-clear\"><\/div><\/div><div class=\"um-field-area\"><input class=\"um-form-field valid \" type=\"password\" name=\"user_password-38418\" id=\"user_password-38418\" value=\"\" placeholder=\"\" data-validate=\"\" data-key=\"user_password\"  aria-invalid=\"false\" \/>\n\n\t\t\t\t\t\t\t<\/div><\/div><div  id=\"um_field_38418_confirm_user_password\" class=\"um-field um-field-password  um-field-user_password um-field-password um-field-type_password\" data-key=\"confirm_user_password\"><div class=\"um-field-label\"><label for=\"confirm_user_password-38418\">Confirmez le mot de passe<span class=\"um-req\" title=\"Obligatoire\">*<\/span><\/label><div class=\"um-clear\"><\/div><\/div><div class=\"um-field-area\"><input class=\"um-form-field valid \" type=\"password\" name=\"confirm_user_password-38418\" id=\"confirm_user_password-38418\" value=\"\" placeholder=\"Confirmez le mot de passe\" data-validate=\"\" data-key=\"confirm_user_password\"  aria-invalid=\"false\" \/><\/div><\/div><\/div><\/div>\t\t<input type=\"hidden\" name=\"form_id\" id=\"form_id_38418\" value=\"38418\" \/>\n\t\n\t<p class=\"um_request_name\">\n\t\t<label for=\"um_request_38418\">Only fill in if you are not human<\/label>\n\t\t<input type=\"hidden\" name=\"um_request\" id=\"um_request_38418\" class=\"input\" value=\"\" size=\"25\" autocomplete=\"off\" \/>\n\t<\/p>\n\n\t<input type=\"hidden\" id=\"_wpnonce\" name=\"_wpnonce\" value=\"e53d55862e\" \/><input type=\"hidden\" name=\"_wp_http_referer\" value=\"\/fr\/wp-json\/wp\/v2\/pages\/38424\" \/>\n\t<div class=\"um-col-alt\">\n\n\t\t\n\t\t\t<div class=\"um-left um-half\">\n\t\t\t\t<input type=\"submit\" value=\"S\u2019inscrire\" class=\"um-button\" id=\"um-submit-btn\" \/>\n\t\t\t<\/div>\n\t\t\t<div class=\"um-right um-half\">\n\t\t\t\t<a href=\"https:\/\/audiocenter.com\/fr\/login\/\" class=\"um-button um-alt\">\n\t\t\t\t\tConnexion\t\t\t\t<\/a>\n\t\t\t<\/div>\n\n\t\t\n\t\t<div class=\"um-clear\"><\/div>\n\n\t<\/div>\n\n\t\t\t<\/form>\n\t<\/div>\n<\/div>\n<style>\n\t\t\t.um-38418.um {\n\t\t\tmax-width: 450px;\n\t\t}\n\t\t<\/style>\n<\/div>\n\t\t\t\t<\/div>\n\t\t\t\t<\/div>\n\t\t\t\t\t<\/div>\n\t\t<\/div>\n\t\t\t\t\t<\/div>\n\t\t<\/section>\n\t\t\t\t<\/div>\n\t\t","protected":false},"excerpt":{"rendered":"<p>Welcome to register as an Audiocenter member!<\/p>\n","protected":false},"author":1,"featured_media":0,"parent":0,"menu_order":0,"comment_status":"closed","ping_status":"closed","template":"","meta":{"footnotes":""},"class_list":["post-38424","page","type-page","status-publish","hentry"],"_links":{"self":[{"href":"https:\/\/audiocenter.com\/fr\/wp-json\/wp\/v2\/pages\/38424","targetHints":{"allow":["GET"]}}],"collection":[{"href":"https:\/\/audiocenter.com\/fr\/wp-json\/wp\/v2\/pages"}],"about":[{"href":"https:\/\/audiocenter.com\/fr\/wp-json\/wp\/v2\/types\/page"}],"author":[{"embeddable":true,"href":"https:\/\/audiocenter.com\/fr\/wp-json\/wp\/v2\/users\/1"}],"replies":[{"embeddable":true,"href":"https:\/\/audiocenter.com\/fr\/wp-json\/wp\/v2\/comments?post=38424"}],"version-history":[{"count":7,"href":"https:\/\/audiocenter.com\/fr\/wp-json\/wp\/v2\/pages\/38424\/revisions"}],"predecessor-version":[{"id":38443,"href":"https:\/\/audiocenter.com\/fr\/wp-json\/wp\/v2\/pages\/38424\/revisions\/38443"}],"wp:attachment":[{"href":"https:\/\/audiocenter.com\/fr\/wp-json\/wp\/v2\/media?parent=38424"}],"curies":[{"name":"wp","href":"https:\/\/api.w.org\/{rel}","templated":true}]}}